{"id":2707,"date":"2019-05-19T18:16:39","date_gmt":"2019-05-19T15:16:39","guid":{"rendered":"http:\/\/litexplus.md\/?post_type=product&#038;p=2707"},"modified":"2019-08-01T22:09:37","modified_gmt":"2019-08-01T19:09:37","slug":"elektronnyi-umnyi-zamok-na-dver-s-pitaniem-ot-batareek-model-z-8-eht","status":"publish","type":"product","link":"http:\/\/topteh.md\/ru\/product\/elektronnyi-umnyi-zamok-na-dver-s-pitaniem-ot-batareek-model-z-8-eht\/","title":{"rendered":"\u042d\u043b\u0435\u043a\u0442\u0440\u043e\u043d\u043d\u044b\u0439\/\u0443\u043c\u043d\u044b\u0439 \u0437\u0430\u043c\u043e\u043a \u043d\u0430 \u0434\u0432\u0435\u0440\u044c \u0441 \u043f\u0438\u0442\u0430\u043d\u0438\u0435\u043c \u043e\u0442 \u0431\u0430\u0442\u0430\u0440\u0435\u0435\u043a \u041c\u043e\u0434\u0435\u043b\u044c: Z-8 EHT"},"content":{"rendered":"<div id=\"pl-2707\"  class=\"panel-layout\" ><div id=\"pg-2707-0\"  class=\"panel-grid panel-no-style\" ><div id=\"pgc-2707-0-0\"  class=\"panel-grid-cell\" ><div id=\"panel-2707-0-0-0\" class=\"so-panel widget widget_text panel-first-child panel-last-child\" data-index=\"0\" >\t\t\t<div class=\"textwidget\"><ul>\n<li>\u0420\u0430\u0431\u043e\u0447\u0430\u044f \u0447\u0430\u0441\u0442\u043e\u0442\u0430: 125 \u043a\u0413\u0446<\/li>\n<li>\u0427\u0442\u0435\u043d\u0438\u0435 \u0438\u0434\u0435\u043d\u0442\u0438\u0444\u0438\u043a\u0430\u0442\u043e\u0440\u043e\u0432: EM-Marine, HID ProxCard II, Temic<\/li>\n<li>\u041a\u043e\u043b\u0438\u0447\u0435\u0441\u0442\u0432\u043e \u043a\u043b\u044e\u0447\u0435\u0439\/\u043a\u0430\u0440\u0442(max): 1364\u0448\u0442.<\/li>\n<li>\u041a\u043e\u043b\u0438\u0447\u0435\u0441\u0442\u0432\u043e \u0437\u0430\u043f\u043e\u043c\u0438\u043d\u0430\u0435\u043c\u044b\u0445 \u0441\u043e\u0431\u044b\u0442\u0438\u0439(max): 1000\u0448\u0442.<\/li>\n<li>\u0412\u0441\u0442\u0440\u043e\u0435\u043d\u043d\u0430\u044f \u044d\u043d\u0435\u0440\u0433\u043e\u043d\u0435\u0437\u0430\u0432\u0438\u0441\u0438\u043c\u0430\u044f \u043f\u0430\u043c\u044f\u0442\u044c (EEPROM)<\/li>\n<li>\u0414\u0430\u043b\u044c\u043d\u043e\u0441\u0442\u044c \u0447\u0442\u0435\u043d\u0438\u044f: 2-4 \u0441\u043c<\/li>\n<li>\u041f\u043e\u0442\u0440\u0435\u0431\u043b\u0435\u043d\u0438\u0435 \u0442\u043e\u043a\u0430: 30m\u043aA (\u0432 \u0441\u043e\u0441\u0442\u043e\u044f\u043d\u0438\u0438 \u043e\u0436\u0438\u0434\u0430\u043d\u0438\u044f)<\/li>\n<li>\u041f\u0438\u0442\u0430\u043d\u0438\u0435: 1.5V X 4 \u0448\u0442. \u0441\u0442\u0430\u043d\u0434\u0430\u0440\u0442\u043d\u044b\u0445 \u0431\u0430\u0442\u0430\u0440\u0435\u0435\u043a \u0440\u0430\u0437\u043c\u0435\u0440\u0430 \u0410\u0410<\/li>\n<li>\u0417\u0432\u0443\u043a\u043e\u0432\u0430\u044f\/\u0441\u0432\u0435\u0442\u043e\u0432\u0430\u044f \u0438\u043d\u0434\u0438\u043a\u0430\u0446\u0438\u044f: \u0441\u0438\u0433\u043d\u0430\u043b \u0437\u0443\u043c\u043c\u0435\u0440\u0430, \u0434\u0432\u0430 \u0441\u0432\u0435\u0442\u043e\u0434\u0438\u043e\u0434\u0430<\/li>\n<li>\u0423\u0441\u0442\u0430\u043d\u043e\u0432\u043a\u0430 \u0434\u043b\u0438\u0442\u0435\u043b\u044c\u043d\u043e\u0441\u0442\u0438 \u043e\u0442\u043a\u0440\u044b\u0432\u0430\u043d\u0438\u044f \u0437\u0430\u043c\u043a\u0430: \u043e\u0442 0 \u0434\u043e 220 c\u0435\u043a.<\/li>\n<li>\u0420\u0430\u0431\u043e\u0447\u0430\u044f \u0442\u0435\u043c\u043f\u0435\u0440\u0430\u0442\u0443\u0440\u0430: +5\u00b0\u0421 +40\u00b0\u0421<\/li>\n<li>\u041c\u0430\u0442\u0435\u0440\u0438\u0430\u043b \u043a\u043e\u0440\u043f\u0443\u0441\u0430: \u0441\u0438\u043b\u0443\u043c\u0438\u043d,\u00a0\u043d\u0435\u0440\u0436\u0430\u0432\u0435\u044e\u0449\u0430\u044f \u0441\u0442\u0430\u043b\u044c<\/li>\n<li>\u0426\u0432\u0435\u0442 \u043a\u043e\u0440\u043f\u0443\u0441\u0430: \u0441\u0435\u0440\u0435\u0431\u0440\u043e, \u0431\u0440\u043e\u043d\u0437\u0430, \u043c\u0435\u0434\u044c<\/li>\n<\/ul>\n<\/div>\n\t\t<\/div><\/div><\/div><\/div>","protected":false},"excerpt":{"rendered":"<ul>\n<li>Regim Birou \/ Hotel<\/li>\n<li>Nu necesit\u0103 instalarea cablului electric<\/li>\n<li>Nu mai pu\u021bin de 25000 deschideri de la\u00a04-ru\u00a0baterii1.5V<\/li>\n<li>Func\u021bia &#171;anti-panic\u0103&#187;<\/li>\n<li>\u00cenchiderea automat\u0103 la ie\u0219irea din camer\u0103<\/li>\n<li>\u00cenchiderea mechenic\u0103 cu cheie<\/li>\n<li>L\u0103cataelectromechanic\u0103 cu mechanismul anti-str\u00eengere<\/li>\n<li>Instalarea pe u\u0219\u0103 de l\u0103\u021bime\u00a038-50 \u043c\u043c<\/li>\n<li>Lucreaz\u0103 autonom sau \u00een cuplu cu program specializat cu regimul HOTEL<\/li>\n<\/ul>\n","protected":false},"featured_media":2709,"comment_status":"open","ping_status":"closed","template":"","meta":{"spay_email":""},"product_cat":[242,272],"product_tag":[],"yoast_head":"<!-- This site is optimized with the Yoast SEO plugin v18.3 - https:\/\/yoast.com\/wordpress\/plugins\/seo\/ -->\n<title>\u042d\u043b\u0435\u043a\u0442\u0440\u043e\u043d\u043d\u044b\u0439\/\u0443\u043c\u043d\u044b\u0439 \u0437\u0430\u043c\u043e\u043a \u043d\u0430 \u0434\u0432\u0435\u0440\u044c \u0441 \u043f\u0438\u0442\u0430\u043d\u0438\u0435\u043c \u043e\u0442 \u0431\u0430\u0442\u0430\u0440\u0435\u0435\u043a \u041c\u043e\u0434\u0435\u043b\u044c: Z-8 EHT - \u041e\u0431\u043e\u0440\u0443\u0434\u043e\u0432\u0430\u043d\u0438\u0435 \u0441\u0438\u0441\u0442\u0435\u043c \u0431\u0435\u0437\u043e\u043f\u0430\u0441\u043d\u043e\u0441\u0442\u0438 \u0434\u043b\u044f \u0434\u043e\u043c\u0430 \u0438 \u0431\u0438\u0437\u043d\u0435\u0441\u0430 \u0432 \u041c\u043e\u043b\u0434\u043e\u0432\u0435<\/title>\n<meta name=\"robots\" content=\"index, follow, max-snippet:-1, max-image-preview:large, max-video-preview:-1\" \/>\n<link rel=\"canonical\" href=\"http:\/\/topteh.md\/ru\/product\/elektronnyi-umnyi-zamok-na-dver-s-pitaniem-ot-batareek-model-z-8-eht\/\" \/>\n<meta property=\"og:locale\" content=\"ru_RU\" \/>\n<meta property=\"og:type\" content=\"article\" \/>\n<meta property=\"og:title\" content=\"[:ru] \u042d\u043b\u0435\u043a\u0442\u0440\u043e\u043d\u043d\u044b\u0439\/\u0443\u043c\u043d\u044b\u0439 \u0437\u0430\u043c\u043e\u043a \u043d\u0430 \u0434\u0432\u0435\u0440\u044c \u0441 \u043f\u0438\u0442\u0430\u043d\u0438\u0435\u043c \u043e\u0442 \u0431\u0430\u0442\u0430\u0440\u0435\u0435\u043a \u041c\u043e\u0434\u0435\u043b\u044c: Z-8 EHT[:ro]L\u0103cat\u0103 electronic\u0103\/inteligent\u0103pentru u\u0219\u0103 alimentat de baterii Model: Z-8 EHT[:] - \u041e\u0431\u043e\u0440\u0443\u0434\u043e\u0432\u0430\u043d\u0438\u0435 \u0441\u0438\u0441\u0442\u0435\u043c \u0431\u0435\u0437\u043e\u043f\u0430\u0441\u043d\u043e\u0441\u0442\u0438 \u0434\u043b\u044f \u0434\u043e\u043c\u0430 \u0438 \u0431\u0438\u0437\u043d\u0435\u0441\u0430 \u0432 \u041c\u043e\u043b\u0434\u043e\u0432\u0435\" \/>\n<meta property=\"og:description\" content=\"Regim Birou \/ Hotel  Nu necesit\u0103 instalarea cablului electric  Nu mai pu\u021bin de 25000 deschideri de la\u00a04-ru\u00a0baterii1.5V  Func\u021bia &quot;anti-panic\u0103&quot;  \u00cenchiderea automat\u0103 la ie\u0219irea din camer\u0103  \u00cenchiderea mechenic\u0103 cu cheie  L\u0103cataelectromechanic\u0103 cu mechanismul anti-str\u00eengere  Instalarea pe u\u0219\u0103 de l\u0103\u021bime\u00a038-50 \u043c\u043c  Lucreaz\u0103 autonom sau \u00een cuplu cu program specializat cu regimul HOTEL\" \/>\n<meta property=\"og:url\" content=\"http:\/\/topteh.md\/ru\/product\/elektronnyi-umnyi-zamok-na-dver-s-pitaniem-ot-batareek-model-z-8-eht\/\" \/>\n<meta property=\"og:site_name\" content=\"\u041e\u0431\u043e\u0440\u0443\u0434\u043e\u0432\u0430\u043d\u0438\u0435 \u0441\u0438\u0441\u0442\u0435\u043c \u0431\u0435\u0437\u043e\u043f\u0430\u0441\u043d\u043e\u0441\u0442\u0438 \u0434\u043b\u044f \u0434\u043e\u043c\u0430 \u0438 \u0431\u0438\u0437\u043d\u0435\u0441\u0430 \u0432 \u041c\u043e\u043b\u0434\u043e\u0432\u0435\" \/>\n<meta property=\"article:modified_time\" content=\"2019-08-01T19:09:37+00:00\" \/>\n<meta property=\"og:image\" content=\"http:\/\/topteh.md\/wp-content\/uploads\/2019\/05\/z5.jpg\" \/>\n\t<meta property=\"og:image:width\" content=\"260\" \/>\n\t<meta property=\"og:image:height\" content=\"375\" \/>\n\t<meta property=\"og:image:type\" content=\"image\/jpeg\" \/>\n<meta name=\"twitter:card\" content=\"summary_large_image\" \/>\n<meta name=\"twitter:label1\" content=\"\u041f\u0440\u0438\u043c\u0435\u0440\u043d\u043e\u0435 \u0432\u0440\u0435\u043c\u044f \u0434\u043b\u044f \u0447\u0442\u0435\u043d\u0438\u044f\" \/>\n\t<meta name=\"twitter:data1\" content=\"1 \u043c\u0438\u043d\u0443\u0442\u0430\" \/>\n<script type=\"application\/ld+json\" class=\"yoast-schema-graph\">{\"@context\":\"https:\/\/schema.org\",\"@graph\":[{\"@type\":\"Organization\",\"@id\":\"http:\/\/topteh.md\/#organization\",\"name\":\"Toptehimpex SRL\",\"url\":\"http:\/\/topteh.md\/\",\"sameAs\":[],\"logo\":{\"@type\":\"ImageObject\",\"@id\":\"http:\/\/topteh.md\/#logo\",\"inLanguage\":\"ru-RU\",\"url\":\"http:\/\/topteh.md\/wp-content\/uploads\/2019\/02\/topteh-new-logo.jpg\",\"contentUrl\":\"http:\/\/topteh.md\/wp-content\/uploads\/2019\/02\/topteh-new-logo.jpg\",\"width\":400,\"height\":225,\"caption\":\"Toptehimpex SRL\"},\"image\":{\"@id\":\"http:\/\/topteh.md\/#logo\"}},{\"@type\":\"WebSite\",\"@id\":\"http:\/\/topteh.md\/#website\",\"url\":\"http:\/\/topteh.md\/\",\"name\":\"\u041e\u0431\u043e\u0440\u0443\u0434\u043e\u0432\u0430\u043d\u0438\u0435 \u0441\u0438\u0441\u0442\u0435\u043c \u0431\u0435\u0437\u043e\u043f\u0430\u0441\u043d\u043e\u0441\u0442\u0438 \u0434\u043b\u044f \u0434\u043e\u043c\u0430 \u0438 \u0431\u0438\u0437\u043d\u0435\u0441\u0430 \u0432 \u041c\u043e\u043b\u0434\u043e\u0432\u0435\",\"description\":\"\u0412\u044b\u0431\u0435\u0440\u0438 \u0441\u0432\u043e\u0439 \u0441\u043f\u043e\u0441\u043e\u0431 \u0431\u0435\u0437\u043e\u043f\u0430\u0441\u043d\u043e\u0441\u0442\u0438!\",\"publisher\":{\"@id\":\"http:\/\/topteh.md\/#organization\"},\"potentialAction\":[{\"@type\":\"SearchAction\",\"target\":{\"@type\":\"EntryPoint\",\"urlTemplate\":\"http:\/\/topteh.md\/?s={search_term_string}\"},\"query-input\":\"required name=search_term_string\"}],\"inLanguage\":\"ru-RU\"},{\"@type\":\"ImageObject\",\"@id\":\"http:\/\/topteh.md\/ru\/product\/elektronnyi-umnyi-zamok-na-dver-s-pitaniem-ot-batareek-model-z-8-eht\/#primaryimage\",\"inLanguage\":\"ru-RU\",\"url\":\"http:\/\/topteh.md\/wp-content\/uploads\/2019\/05\/z5.jpg\",\"contentUrl\":\"http:\/\/topteh.md\/wp-content\/uploads\/2019\/05\/z5.jpg\",\"width\":260,\"height\":375},{\"@type\":\"WebPage\",\"@id\":\"http:\/\/topteh.md\/ru\/product\/elektronnyi-umnyi-zamok-na-dver-s-pitaniem-ot-batareek-model-z-8-eht\/#webpage\",\"url\":\"http:\/\/topteh.md\/ru\/product\/elektronnyi-umnyi-zamok-na-dver-s-pitaniem-ot-batareek-model-z-8-eht\/\",\"name\":\"[:ru] \u042d\u043b\u0435\u043a\u0442\u0440\u043e\u043d\u043d\u044b\u0439\/\u0443\u043c\u043d\u044b\u0439 \u0437\u0430\u043c\u043e\u043a \u043d\u0430 \u0434\u0432\u0435\u0440\u044c \u0441 \u043f\u0438\u0442\u0430\u043d\u0438\u0435\u043c \u043e\u0442 \u0431\u0430\u0442\u0430\u0440\u0435\u0435\u043a \u041c\u043e\u0434\u0435\u043b\u044c: Z-8 EHT[:ro]L\u0103cat\u0103 electronic\u0103\/inteligent\u0103pentru u\u0219\u0103 alimentat de baterii Model: Z-8 EHT[:] - \u041e\u0431\u043e\u0440\u0443\u0434\u043e\u0432\u0430\u043d\u0438\u0435 \u0441\u0438\u0441\u0442\u0435\u043c \u0431\u0435\u0437\u043e\u043f\u0430\u0441\u043d\u043e\u0441\u0442\u0438 \u0434\u043b\u044f \u0434\u043e\u043c\u0430 \u0438 \u0431\u0438\u0437\u043d\u0435\u0441\u0430 \u0432 \u041c\u043e\u043b\u0434\u043e\u0432\u0435\",\"isPartOf\":{\"@id\":\"http:\/\/topteh.md\/#website\"},\"primaryImageOfPage\":{\"@id\":\"http:\/\/topteh.md\/ru\/product\/elektronnyi-umnyi-zamok-na-dver-s-pitaniem-ot-batareek-model-z-8-eht\/#primaryimage\"},\"datePublished\":\"2019-05-19T15:16:39+00:00\",\"dateModified\":\"2019-08-01T19:09:37+00:00\",\"breadcrumb\":{\"@id\":\"http:\/\/topteh.md\/ru\/product\/elektronnyi-umnyi-zamok-na-dver-s-pitaniem-ot-batareek-model-z-8-eht\/#breadcrumb\"},\"inLanguage\":\"ru-RU\",\"potentialAction\":[{\"@type\":\"ReadAction\",\"target\":[\"http:\/\/topteh.md\/ru\/product\/elektronnyi-umnyi-zamok-na-dver-s-pitaniem-ot-batareek-model-z-8-eht\/\"]}]},{\"@type\":\"BreadcrumbList\",\"@id\":\"http:\/\/topteh.md\/ru\/product\/elektronnyi-umnyi-zamok-na-dver-s-pitaniem-ot-batareek-model-z-8-eht\/#breadcrumb\",\"itemListElement\":[{\"@type\":\"ListItem\",\"position\":1,\"name\":\"Prima pagin\u0103\",\"item\":\"http:\/\/topteh.md\/\"},{\"@type\":\"ListItem\",\"position\":2,\"name\":\"Shop\",\"item\":\"http:\/\/topteh.md\/shop\/\"},{\"@type\":\"ListItem\",\"position\":3,\"name\":\"\u042d\u043b\u0435\u043a\u0442\u0440\u043e\u043d\u043d\u044b\u0439\/\u0443\u043c\u043d\u044b\u0439 \u0437\u0430\u043c\u043e\u043a \u043d\u0430 \u0434\u0432\u0435\u0440\u044c \u0441 \u043f\u0438\u0442\u0430\u043d\u0438\u0435\u043c \u043e\u0442 \u0431\u0430\u0442\u0430\u0440\u0435\u0435\u043a \u041c\u043e\u0434\u0435\u043b\u044c: Z-8 EHT\"}]}]}<\/script>\n<!-- \/ Yoast SEO plugin. -->","yoast_head_json":{"title":"[:ru] \u042d\u043b\u0435\u043a\u0442\u0440\u043e\u043d\u043d\u044b\u0439\/\u0443\u043c\u043d\u044b\u0439 \u0437\u0430\u043c\u043e\u043a \u043d\u0430 \u0434\u0432\u0435\u0440\u044c \u0441 \u043f\u0438\u0442\u0430\u043d\u0438\u0435\u043c \u043e\u0442 \u0431\u0430\u0442\u0430\u0440\u0435\u0435\u043a \u041c\u043e\u0434\u0435\u043b\u044c: Z-8 EHT[:ro]L\u0103cat\u0103 electronic\u0103\/inteligent\u0103pentru u\u0219\u0103 alimentat de baterii Model: Z-8 EHT[:] - \u041e\u0431\u043e\u0440\u0443\u0434\u043e\u0432\u0430\u043d\u0438\u0435 \u0441\u0438\u0441\u0442\u0435\u043c \u0431\u0435\u0437\u043e\u043f\u0430\u0441\u043d\u043e\u0441\u0442\u0438 \u0434\u043b\u044f \u0434\u043e\u043c\u0430 \u0438 \u0431\u0438\u0437\u043d\u0435\u0441\u0430 \u0432 \u041c\u043e\u043b\u0434\u043e\u0432\u0435","robots":{"index":"index","follow":"follow","max-snippet":"max-snippet:-1","max-image-preview":"max-image-preview:large","max-video-preview":"max-video-preview:-1"},"canonical":"http:\/\/topteh.md\/ru\/product\/elektronnyi-umnyi-zamok-na-dver-s-pitaniem-ot-batareek-model-z-8-eht\/","og_locale":"ru_RU","og_type":"article","og_title":"[:ru] \u042d\u043b\u0435\u043a\u0442\u0440\u043e\u043d\u043d\u044b\u0439\/\u0443\u043c\u043d\u044b\u0439 \u0437\u0430\u043c\u043e\u043a \u043d\u0430 \u0434\u0432\u0435\u0440\u044c \u0441 \u043f\u0438\u0442\u0430\u043d\u0438\u0435\u043c \u043e\u0442 \u0431\u0430\u0442\u0430\u0440\u0435\u0435\u043a \u041c\u043e\u0434\u0435\u043b\u044c: Z-8 EHT[:ro]L\u0103cat\u0103 electronic\u0103\/inteligent\u0103pentru u\u0219\u0103 alimentat de baterii Model: Z-8 EHT[:] - \u041e\u0431\u043e\u0440\u0443\u0434\u043e\u0432\u0430\u043d\u0438\u0435 \u0441\u0438\u0441\u0442\u0435\u043c \u0431\u0435\u0437\u043e\u043f\u0430\u0441\u043d\u043e\u0441\u0442\u0438 \u0434\u043b\u044f \u0434\u043e\u043c\u0430 \u0438 \u0431\u0438\u0437\u043d\u0435\u0441\u0430 \u0432 \u041c\u043e\u043b\u0434\u043e\u0432\u0435","og_description":"Regim Birou \/ Hotel  Nu necesit\u0103 instalarea cablului electric  Nu mai pu\u021bin de 25000 deschideri de la\u00a04-ru\u00a0baterii1.5V  Func\u021bia \"anti-panic\u0103\"  \u00cenchiderea automat\u0103 la ie\u0219irea din camer\u0103  \u00cenchiderea mechenic\u0103 cu cheie  L\u0103cataelectromechanic\u0103 cu mechanismul anti-str\u00eengere  Instalarea pe u\u0219\u0103 de l\u0103\u021bime\u00a038-50 \u043c\u043c  Lucreaz\u0103 autonom sau \u00een cuplu cu program specializat cu regimul HOTEL","og_url":"http:\/\/topteh.md\/ru\/product\/elektronnyi-umnyi-zamok-na-dver-s-pitaniem-ot-batareek-model-z-8-eht\/","og_site_name":"\u041e\u0431\u043e\u0440\u0443\u0434\u043e\u0432\u0430\u043d\u0438\u0435 \u0441\u0438\u0441\u0442\u0435\u043c \u0431\u0435\u0437\u043e\u043f\u0430\u0441\u043d\u043e\u0441\u0442\u0438 \u0434\u043b\u044f \u0434\u043e\u043c\u0430 \u0438 \u0431\u0438\u0437\u043d\u0435\u0441\u0430 \u0432 \u041c\u043e\u043b\u0434\u043e\u0432\u0435","article_modified_time":"2019-08-01T19:09:37+00:00","og_image":[{"width":260,"height":375,"url":"http:\/\/topteh.md\/wp-content\/uploads\/2019\/05\/z5.jpg","type":"image\/jpeg"}],"twitter_card":"summary_large_image","twitter_misc":{"\u041f\u0440\u0438\u043c\u0435\u0440\u043d\u043e\u0435 \u0432\u0440\u0435\u043c\u044f \u0434\u043b\u044f \u0447\u0442\u0435\u043d\u0438\u044f":"1 \u043c\u0438\u043d\u0443\u0442\u0430"},"schema":{"@context":"https:\/\/schema.org","@graph":[{"@type":"Organization","@id":"http:\/\/topteh.md\/#organization","name":"Toptehimpex SRL","url":"http:\/\/topteh.md\/","sameAs":[],"logo":{"@type":"ImageObject","@id":"http:\/\/topteh.md\/#logo","inLanguage":"ru-RU","url":"http:\/\/topteh.md\/wp-content\/uploads\/2019\/02\/topteh-new-logo.jpg","contentUrl":"http:\/\/topteh.md\/wp-content\/uploads\/2019\/02\/topteh-new-logo.jpg","width":400,"height":225,"caption":"Toptehimpex SRL"},"image":{"@id":"http:\/\/topteh.md\/#logo"}},{"@type":"WebSite","@id":"http:\/\/topteh.md\/#website","url":"http:\/\/topteh.md\/","name":"\u041e\u0431\u043e\u0440\u0443\u0434\u043e\u0432\u0430\u043d\u0438\u0435 \u0441\u0438\u0441\u0442\u0435\u043c \u0431\u0435\u0437\u043e\u043f\u0430\u0441\u043d\u043e\u0441\u0442\u0438 \u0434\u043b\u044f \u0434\u043e\u043c\u0430 \u0438 \u0431\u0438\u0437\u043d\u0435\u0441\u0430 \u0432 \u041c\u043e\u043b\u0434\u043e\u0432\u0435","description":"\u0412\u044b\u0431\u0435\u0440\u0438 \u0441\u0432\u043e\u0439 \u0441\u043f\u043e\u0441\u043e\u0431 \u0431\u0435\u0437\u043e\u043f\u0430\u0441\u043d\u043e\u0441\u0442\u0438!","publisher":{"@id":"http:\/\/topteh.md\/#organization"},"potentialAction":[{"@type":"SearchAction","target":{"@type":"EntryPoint","urlTemplate":"http:\/\/topteh.md\/?s={search_term_string}"},"query-input":"required name=search_term_string"}],"inLanguage":"ru-RU"},{"@type":"ImageObject","@id":"http:\/\/topteh.md\/ru\/product\/elektronnyi-umnyi-zamok-na-dver-s-pitaniem-ot-batareek-model-z-8-eht\/#primaryimage","inLanguage":"ru-RU","url":"http:\/\/topteh.md\/wp-content\/uploads\/2019\/05\/z5.jpg","contentUrl":"http:\/\/topteh.md\/wp-content\/uploads\/2019\/05\/z5.jpg","width":260,"height":375},{"@type":"WebPage","@id":"http:\/\/topteh.md\/ru\/product\/elektronnyi-umnyi-zamok-na-dver-s-pitaniem-ot-batareek-model-z-8-eht\/#webpage","url":"http:\/\/topteh.md\/ru\/product\/elektronnyi-umnyi-zamok-na-dver-s-pitaniem-ot-batareek-model-z-8-eht\/","name":"[:ru] \u042d\u043b\u0435\u043a\u0442\u0440\u043e\u043d\u043d\u044b\u0439\/\u0443\u043c\u043d\u044b\u0439 \u0437\u0430\u043c\u043e\u043a \u043d\u0430 \u0434\u0432\u0435\u0440\u044c \u0441 \u043f\u0438\u0442\u0430\u043d\u0438\u0435\u043c \u043e\u0442 \u0431\u0430\u0442\u0430\u0440\u0435\u0435\u043a \u041c\u043e\u0434\u0435\u043b\u044c: Z-8 EHT[:ro]L\u0103cat\u0103 electronic\u0103\/inteligent\u0103pentru u\u0219\u0103 alimentat de baterii Model: Z-8 EHT[:] - \u041e\u0431\u043e\u0440\u0443\u0434\u043e\u0432\u0430\u043d\u0438\u0435 \u0441\u0438\u0441\u0442\u0435\u043c \u0431\u0435\u0437\u043e\u043f\u0430\u0441\u043d\u043e\u0441\u0442\u0438 \u0434\u043b\u044f \u0434\u043e\u043c\u0430 \u0438 \u0431\u0438\u0437\u043d\u0435\u0441\u0430 \u0432 \u041c\u043e\u043b\u0434\u043e\u0432\u0435","isPartOf":{"@id":"http:\/\/topteh.md\/#website"},"primaryImageOfPage":{"@id":"http:\/\/topteh.md\/ru\/product\/elektronnyi-umnyi-zamok-na-dver-s-pitaniem-ot-batareek-model-z-8-eht\/#primaryimage"},"datePublished":"2019-05-19T15:16:39+00:00","dateModified":"2019-08-01T19:09:37+00:00","breadcrumb":{"@id":"http:\/\/topteh.md\/ru\/product\/elektronnyi-umnyi-zamok-na-dver-s-pitaniem-ot-batareek-model-z-8-eht\/#breadcrumb"},"inLanguage":"ru-RU","potentialAction":[{"@type":"ReadAction","target":["http:\/\/topteh.md\/ru\/product\/elektronnyi-umnyi-zamok-na-dver-s-pitaniem-ot-batareek-model-z-8-eht\/"]}]},{"@type":"BreadcrumbList","@id":"http:\/\/topteh.md\/ru\/product\/elektronnyi-umnyi-zamok-na-dver-s-pitaniem-ot-batareek-model-z-8-eht\/#breadcrumb","itemListElement":[{"@type":"ListItem","position":1,"name":"Prima pagin\u0103","item":"http:\/\/topteh.md\/"},{"@type":"ListItem","position":2,"name":"Shop","item":"http:\/\/topteh.md\/shop\/"},{"@type":"ListItem","position":3,"name":"\u042d\u043b\u0435\u043a\u0442\u0440\u043e\u043d\u043d\u044b\u0439\/\u0443\u043c\u043d\u044b\u0439 \u0437\u0430\u043c\u043e\u043a \u043d\u0430 \u0434\u0432\u0435\u0440\u044c \u0441 \u043f\u0438\u0442\u0430\u043d\u0438\u0435\u043c \u043e\u0442 \u0431\u0430\u0442\u0430\u0440\u0435\u0435\u043a \u041c\u043e\u0434\u0435\u043b\u044c: Z-8 EHT"}]}]}},"jetpack_publicize_connections":[],"jetpack_sharing_enabled":true,"_links":{"self":[{"href":"http:\/\/topteh.md\/ru\/wp-json\/wp\/v2\/product\/2707"}],"collection":[{"href":"http:\/\/topteh.md\/ru\/wp-json\/wp\/v2\/product"}],"about":[{"href":"http:\/\/topteh.md\/ru\/wp-json\/wp\/v2\/types\/product"}],"replies":[{"embeddable":true,"href":"http:\/\/topteh.md\/ru\/wp-json\/wp\/v2\/comments?post=2707"}],"wp:featuredmedia":[{"embeddable":true,"href":"http:\/\/topteh.md\/ru\/wp-json\/wp\/v2\/media\/2709"}],"wp:attachment":[{"href":"http:\/\/topteh.md\/ru\/wp-json\/wp\/v2\/media?parent=2707"}],"wp:term":[{"taxonomy":"product_cat","embeddable":true,"href":"http:\/\/topteh.md\/ru\/wp-json\/wp\/v2\/product_cat?post=2707"},{"taxonomy":"product_tag","embeddable":true,"href":"http:\/\/topteh.md\/ru\/wp-json\/wp\/v2\/product_tag?post=2707"}],"curies":[{"name":"wp","href":"https:\/\/api.w.org\/{rel}","templated":true}]}}