{"id":2740,"date":"2019-05-19T21:33:49","date_gmt":"2019-05-19T18:33:49","guid":{"rendered":"http:\/\/litexplus.md\/?post_type=product&#038;p=2740"},"modified":"2019-05-19T21:38:28","modified_gmt":"2019-05-19T18:38:28","slug":"schityvatel-kr1000-long-range","status":"publish","type":"product","link":"http:\/\/topteh.md\/ru\/product\/schityvatel-kr1000-long-range\/","title":{"rendered":"\u0421\u0447\u0438\u0442\u044b\u0432\u0430\u0442\u0435\u043b\u044c KR1000 Long Range"},"content":{"rendered":"<div id=\"pl-2740\"  class=\"panel-layout\" ><div id=\"pg-2740-0\"  class=\"panel-grid panel-no-style\" ><div id=\"pgc-2740-0-0\"  class=\"panel-grid-cell\" ><div id=\"panel-2740-0-0-0\" class=\"so-panel widget widget_text panel-first-child panel-last-child\" data-index=\"0\" >\t\t\t<div class=\"textwidget\"><\/div>\n\t\t<\/div><\/div><\/div><\/div>","protected":false},"excerpt":{"rendered":"<p>\u0421\u0447\u0438\u0442\u044b\u0432\u0430\u0442\u0435\u043b\u044c Proximity \u043a\u0430\u0440\u0442 \u0441 \u0447\u0430\u0441\u0442\u043e\u0442\u043e\u0439 125 \u041a\u0413\u0446 KR1000<\/p>\n<ul>\n<li>\u0421\u0447\u0438\u0442\u044b\u0432\u0430\u0442\u0435\u043b\u044c Proximity-\u043a\u0430\u0440\u0442 \u0447\u0430\u0441\u0442\u043e\u0442\u043e\u0439 125 \u041a\u0413\u0446 \/\u041cifare \u043a\u0430\u0440\u0442 \u0447\u0430\u0441\u0442\u043e\u0442\u043e\u0439 13,56 \u041c\u0433\u0446<\/li>\n<li>\u0420\u0430\u0441\u0441\u0442\u043e\u044f\u043d\u0438\u0435 \u0438\u0434\u0435\u043d\u0442\u0438\u0444\u0438\u043a\u0430\u0446\u0438\u0438: \u0434\u043e 100 \u0441\u043c<\/li>\n<li>\u0418\u043d\u0442\u0435\u0440\u0444\u0435\u0439\u0441 Wiegand 26\/34 \u0431\u0438\u0442 (\u043f\u043e \u0443\u043c\u043e\u043b\u0447\u0430\u043d\u0438\u0438)<\/li>\n<li>\u041f\u0440\u043e\u0441\u0442\u0430\u044f \u0443\u0441\u0442\u0430\u043d\u043e\u0432\u043a\u0430 \u043d\u0430 \u0440\u0430\u043c\u0443 \u0438\u043b\u0438 \u0441\u0442\u043e\u0439\u043a\u0443 \u043c\u0435\u0442\u0430\u043b\u043b\u0438\u0447\u0435\u0441\u043a\u043e\u0439 \u0434\u0432\u0435\u0440\u0438<\/li>\n<li>\u0423\u043f\u0440\u0430\u0432\u043b\u0435\u043d\u0438\u0435 \u0432\u043d\u0435\u0448\u043d\u0438\u043c \u043e\u043f\u043e\u0432\u0435\u0449\u0435\u043d\u0438\u0435\u043c (\u0437\u0432\u0443\u043a\u043e\u0432\u043e\u0439 \u0441\u0438\u0433\u043d\u0430\u043b\/\u0441\u0432\u0435\u0442\u043e\u0434\u0438\u043e\u0434)<\/li>\n<li>\u0418\u0441\u043f\u043e\u043b\u044c\u0437\u043e\u0432\u0430\u043d\u0438\u0435 \u043d\u0430 \u0443\u043b\u0438\u0446\u0435 \u0438 \u0432\u043d\u0443\u0442\u0440\u0438 \u0437\u0434\u0430\u043d\u0438\u044f<\/li>\n<li>\u041f\u0440\u043e\u0447\u043d\u044b\u0439 \u043f\u043e\u043b\u0438\u043c\u0435\u0440\u043d\u044b\u0439 \u043a\u043e\u0440\u043f\u0443\u0441<\/li>\n<li>\u0420\u0430\u0431\u043e\u0442\u0430 \u0432\u043e \u0432\u043b\u0430\u0436\u043d\u044b\u0445 \u0441\u0440\u0435\u0434\u0430\u0445 IP65<\/li>\n<li>\u0417\u0430\u0449\u0438\u0442\u0430 \u043e\u0442 \u043d\u0435\u043f\u0440\u0430\u0432\u0438\u043b\u044c\u043d\u043e\u0433\u043e \u043f\u043e\u0434\u043a\u043b\u044e\u0447\u0435\u043d\u0438\u044f<\/li>\n<\/ul>\n","protected":false},"featured_media":2741,"comment_status":"open","ping_status":"closed","template":"","meta":{"spay_email":""},"product_cat":[242,243],"product_tag":[],"yoast_head":"<!-- This site is optimized with the Yoast SEO plugin v18.3 - https:\/\/yoast.com\/wordpress\/plugins\/seo\/ -->\n<title>\u0421\u0447\u0438\u0442\u044b\u0432\u0430\u0442\u0435\u043b\u044c KR1000 Long Range - \u041e\u0431\u043e\u0440\u0443\u0434\u043e\u0432\u0430\u043d\u0438\u0435 \u0441\u0438\u0441\u0442\u0435\u043c \u0431\u0435\u0437\u043e\u043f\u0430\u0441\u043d\u043e\u0441\u0442\u0438 \u0434\u043b\u044f \u0434\u043e\u043c\u0430 \u0438 \u0431\u0438\u0437\u043d\u0435\u0441\u0430 \u0432 \u041c\u043e\u043b\u0434\u043e\u0432\u0435<\/title>\n<meta name=\"robots\" content=\"index, follow, max-snippet:-1, max-image-preview:large, max-video-preview:-1\" \/>\n<link rel=\"canonical\" href=\"http:\/\/topteh.md\/ru\/product\/schityvatel-kr1000-long-range\/\" \/>\n<meta property=\"og:locale\" content=\"ru_RU\" \/>\n<meta property=\"og:type\" content=\"article\" \/>\n<meta property=\"og:title\" content=\"[:ru]\u0421\u0447\u0438\u0442\u044b\u0432\u0430\u0442\u0435\u043b\u044c KR1000 Long Range[:ro]Cititor de carduri Proximity KR1000 Raz\u0103 lung\u0103[:] - \u041e\u0431\u043e\u0440\u0443\u0434\u043e\u0432\u0430\u043d\u0438\u0435 \u0441\u0438\u0441\u0442\u0435\u043c \u0431\u0435\u0437\u043e\u043f\u0430\u0441\u043d\u043e\u0441\u0442\u0438 \u0434\u043b\u044f \u0434\u043e\u043c\u0430 \u0438 \u0431\u0438\u0437\u043d\u0435\u0441\u0430 \u0432 \u041c\u043e\u043b\u0434\u043e\u0432\u0435\" \/>\n<meta property=\"og:description\" content=\"[:ru]\u0421\u0447\u0438\u0442\u044b\u0432\u0430\u0442\u0435\u043b\u044c Proximity \u043a\u0430\u0440\u0442 \u0441 \u0447\u0430\u0441\u0442\u043e\u0442\u043e\u0439 125 \u041a\u0413\u0446 KR1000   \u0421\u0447\u0438\u0442\u044b\u0432\u0430\u0442\u0435\u043b\u044c Proximity-\u043a\u0430\u0440\u0442 \u0447\u0430\u0441\u0442\u043e\u0442\u043e\u0439 125 \u041a\u0413\u0446 \/\u041cifare \u043a\u0430\u0440\u0442 \u0447\u0430\u0441\u0442\u043e\u0442\u043e\u0439 13,56 \u041c\u0433\u0446  \u0420\u0430\u0441\u0441\u0442\u043e\u044f\u043d\u0438\u0435 \u0438\u0434\u0435\u043d\u0442\u0438\u0444\u0438\u043a\u0430\u0446\u0438\u0438: \u0434\u043e 100 \u0441\u043c  \u0418\u043d\u0442\u0435\u0440\u0444\u0435\u0439\u0441 Wiegand 26\/34 \u0431\u0438\u0442 (\u043f\u043e \u0443\u043c\u043e\u043b\u0447\u0430\u043d\u0438\u0438)  \u041f\u0440\u043e\u0441\u0442\u0430\u044f \u0443\u0441\u0442\u0430\u043d\u043e\u0432\u043a\u0430 \u043d\u0430 \u0440\u0430\u043c\u0443 \u0438\u043b\u0438 \u0441\u0442\u043e\u0439\u043a\u0443 \u043c\u0435\u0442\u0430\u043b\u043b\u0438\u0447\u0435\u0441\u043a\u043e\u0439 \u0434\u0432\u0435\u0440\u0438  \u0423\u043f\u0440\u0430\u0432\u043b\u0435\u043d\u0438\u0435 \u0432\u043d\u0435\u0448\u043d\u0438\u043c \u043e\u043f\u043e\u0432\u0435\u0449\u0435\u043d\u0438\u0435\u043c (\u0437\u0432\u0443\u043a\u043e\u0432\u043e\u0439 \u0441\u0438\u0433\u043d\u0430\u043b\/\u0441\u0432\u0435\u0442\u043e\u0434\u0438\u043e\u0434)  \u0418\u0441\u043f\u043e\u043b\u044c\u0437\u043e\u0432\u0430\u043d\u0438\u0435 \u043d\u0430 \u0443\u043b\u0438\u0446\u0435 \u0438 \u0432\u043d\u0443\u0442\u0440\u0438 \u0437\u0434\u0430\u043d\u0438\u044f  \u041f\u0440\u043e\u0447\u043d\u044b\u0439 \u043f\u043e\u043b\u0438\u043c\u0435\u0440\u043d\u044b\u0439 \u043a\u043e\u0440\u043f\u0443\u0441  \u0420\u0430\u0431\u043e\u0442\u0430 \u0432\u043e \u0432\u043b\u0430\u0436\u043d\u044b\u0445 \u0441\u0440\u0435\u0434\u0430\u0445 IP65  \u0417\u0430\u0449\u0438\u0442\u0430 \u043e\u0442 \u043d\u0435\u043f\u0440\u0430\u0432\u0438\u043b\u044c\u043d\u043e\u0433\u043e \u043f\u043e\u0434\u043a\u043b\u044e\u0447\u0435\u043d\u0438\u044f [:ro]  Distan\u021ba de identificare: p\u00e2n\u0103 la 100 cm  Interfa\u021ba Wiegand 26\/34 bi\u021bi (implicit)  U\u0219or de instalat pe rama sau cadrul metalic al u\u0219ii  Control extern al alarmelor (beep \/ LED)  Se utilizeaz\u0103\u00a0\u00een\u00a0strad\u0103 \u0219i \u00een interiorul cl\u0103dirii  Carcas\u0103 rezistent\u0103 din\u00a0polimer  Func\u021bionarea \u00een medii umede IP65  Protec\u021bie \u00eempotriva conexiunii incorecte [:]\" \/>\n<meta property=\"og:url\" content=\"http:\/\/topteh.md\/ru\/product\/schityvatel-kr1000-long-range\/\" \/>\n<meta property=\"og:site_name\" content=\"\u041e\u0431\u043e\u0440\u0443\u0434\u043e\u0432\u0430\u043d\u0438\u0435 \u0441\u0438\u0441\u0442\u0435\u043c \u0431\u0435\u0437\u043e\u043f\u0430\u0441\u043d\u043e\u0441\u0442\u0438 \u0434\u043b\u044f \u0434\u043e\u043c\u0430 \u0438 \u0431\u0438\u0437\u043d\u0435\u0441\u0430 \u0432 \u041c\u043e\u043b\u0434\u043e\u0432\u0435\" \/>\n<meta property=\"article:modified_time\" content=\"2019-05-19T18:38:28+00:00\" \/>\n<meta property=\"og:image\" content=\"http:\/\/topteh.md\/wp-content\/uploads\/2019\/05\/kr1000.jpg\" \/>\n\t<meta property=\"og:image:width\" content=\"235\" \/>\n\t<meta property=\"og:image:height\" content=\"261\" \/>\n\t<meta property=\"og:image:type\" content=\"image\/jpeg\" \/>\n<meta name=\"twitter:card\" content=\"summary_large_image\" \/>\n<script type=\"application\/ld+json\" class=\"yoast-schema-graph\">{\"@context\":\"https:\/\/schema.org\",\"@graph\":[{\"@type\":\"Organization\",\"@id\":\"http:\/\/topteh.md\/#organization\",\"name\":\"Toptehimpex SRL\",\"url\":\"http:\/\/topteh.md\/\",\"sameAs\":[],\"logo\":{\"@type\":\"ImageObject\",\"@id\":\"http:\/\/topteh.md\/#logo\",\"inLanguage\":\"ru-RU\",\"url\":\"http:\/\/topteh.md\/wp-content\/uploads\/2019\/02\/topteh-new-logo.jpg\",\"contentUrl\":\"http:\/\/topteh.md\/wp-content\/uploads\/2019\/02\/topteh-new-logo.jpg\",\"width\":400,\"height\":225,\"caption\":\"Toptehimpex SRL\"},\"image\":{\"@id\":\"http:\/\/topteh.md\/#logo\"}},{\"@type\":\"WebSite\",\"@id\":\"http:\/\/topteh.md\/#website\",\"url\":\"http:\/\/topteh.md\/\",\"name\":\"\u041e\u0431\u043e\u0440\u0443\u0434\u043e\u0432\u0430\u043d\u0438\u0435 \u0441\u0438\u0441\u0442\u0435\u043c \u0431\u0435\u0437\u043e\u043f\u0430\u0441\u043d\u043e\u0441\u0442\u0438 \u0434\u043b\u044f \u0434\u043e\u043c\u0430 \u0438 \u0431\u0438\u0437\u043d\u0435\u0441\u0430 \u0432 \u041c\u043e\u043b\u0434\u043e\u0432\u0435\",\"description\":\"\u0412\u044b\u0431\u0435\u0440\u0438 \u0441\u0432\u043e\u0439 \u0441\u043f\u043e\u0441\u043e\u0431 \u0431\u0435\u0437\u043e\u043f\u0430\u0441\u043d\u043e\u0441\u0442\u0438!\",\"publisher\":{\"@id\":\"http:\/\/topteh.md\/#organization\"},\"potentialAction\":[{\"@type\":\"SearchAction\",\"target\":{\"@type\":\"EntryPoint\",\"urlTemplate\":\"http:\/\/topteh.md\/?s={search_term_string}\"},\"query-input\":\"required name=search_term_string\"}],\"inLanguage\":\"ru-RU\"},{\"@type\":\"ImageObject\",\"@id\":\"http:\/\/topteh.md\/ru\/product\/schityvatel-kr1000-long-range\/#primaryimage\",\"inLanguage\":\"ru-RU\",\"url\":\"http:\/\/topteh.md\/wp-content\/uploads\/2019\/05\/kr1000.jpg\",\"contentUrl\":\"http:\/\/topteh.md\/wp-content\/uploads\/2019\/05\/kr1000.jpg\",\"width\":235,\"height\":261},{\"@type\":\"WebPage\",\"@id\":\"http:\/\/topteh.md\/ru\/product\/schityvatel-kr1000-long-range\/#webpage\",\"url\":\"http:\/\/topteh.md\/ru\/product\/schityvatel-kr1000-long-range\/\",\"name\":\"[:ru]\u0421\u0447\u0438\u0442\u044b\u0432\u0430\u0442\u0435\u043b\u044c KR1000 Long Range[:ro]Cititor de carduri Proximity KR1000 Raz\u0103 lung\u0103[:] - \u041e\u0431\u043e\u0440\u0443\u0434\u043e\u0432\u0430\u043d\u0438\u0435 \u0441\u0438\u0441\u0442\u0435\u043c \u0431\u0435\u0437\u043e\u043f\u0430\u0441\u043d\u043e\u0441\u0442\u0438 \u0434\u043b\u044f \u0434\u043e\u043c\u0430 \u0438 \u0431\u0438\u0437\u043d\u0435\u0441\u0430 \u0432 \u041c\u043e\u043b\u0434\u043e\u0432\u0435\",\"isPartOf\":{\"@id\":\"http:\/\/topteh.md\/#website\"},\"primaryImageOfPage\":{\"@id\":\"http:\/\/topteh.md\/ru\/product\/schityvatel-kr1000-long-range\/#primaryimage\"},\"datePublished\":\"2019-05-19T18:33:49+00:00\",\"dateModified\":\"2019-05-19T18:38:28+00:00\",\"breadcrumb\":{\"@id\":\"http:\/\/topteh.md\/ru\/product\/schityvatel-kr1000-long-range\/#breadcrumb\"},\"inLanguage\":\"ru-RU\",\"potentialAction\":[{\"@type\":\"ReadAction\",\"target\":[\"http:\/\/topteh.md\/ru\/product\/schityvatel-kr1000-long-range\/\"]}]},{\"@type\":\"BreadcrumbList\",\"@id\":\"http:\/\/topteh.md\/ru\/product\/schityvatel-kr1000-long-range\/#breadcrumb\",\"itemListElement\":[{\"@type\":\"ListItem\",\"position\":1,\"name\":\"Prima pagin\u0103\",\"item\":\"http:\/\/topteh.md\/\"},{\"@type\":\"ListItem\",\"position\":2,\"name\":\"Shop\",\"item\":\"http:\/\/topteh.md\/shop\/\"},{\"@type\":\"ListItem\",\"position\":3,\"name\":\"\u0421\u0447\u0438\u0442\u044b\u0432\u0430\u0442\u0435\u043b\u044c KR1000 Long Range\"}]}]}<\/script>\n<!-- \/ Yoast SEO plugin. -->","yoast_head_json":{"title":"[:ru]\u0421\u0447\u0438\u0442\u044b\u0432\u0430\u0442\u0435\u043b\u044c KR1000 Long Range[:ro]Cititor de carduri Proximity KR1000 Raz\u0103 lung\u0103[:] - \u041e\u0431\u043e\u0440\u0443\u0434\u043e\u0432\u0430\u043d\u0438\u0435 \u0441\u0438\u0441\u0442\u0435\u043c \u0431\u0435\u0437\u043e\u043f\u0430\u0441\u043d\u043e\u0441\u0442\u0438 \u0434\u043b\u044f \u0434\u043e\u043c\u0430 \u0438 \u0431\u0438\u0437\u043d\u0435\u0441\u0430 \u0432 \u041c\u043e\u043b\u0434\u043e\u0432\u0435","robots":{"index":"index","follow":"follow","max-snippet":"max-snippet:-1","max-image-preview":"max-image-preview:large","max-video-preview":"max-video-preview:-1"},"canonical":"http:\/\/topteh.md\/ru\/product\/schityvatel-kr1000-long-range\/","og_locale":"ru_RU","og_type":"article","og_title":"[:ru]\u0421\u0447\u0438\u0442\u044b\u0432\u0430\u0442\u0435\u043b\u044c KR1000 Long Range[:ro]Cititor de carduri Proximity KR1000 Raz\u0103 lung\u0103[:] - \u041e\u0431\u043e\u0440\u0443\u0434\u043e\u0432\u0430\u043d\u0438\u0435 \u0441\u0438\u0441\u0442\u0435\u043c \u0431\u0435\u0437\u043e\u043f\u0430\u0441\u043d\u043e\u0441\u0442\u0438 \u0434\u043b\u044f \u0434\u043e\u043c\u0430 \u0438 \u0431\u0438\u0437\u043d\u0435\u0441\u0430 \u0432 \u041c\u043e\u043b\u0434\u043e\u0432\u0435","og_description":"[:ru]\u0421\u0447\u0438\u0442\u044b\u0432\u0430\u0442\u0435\u043b\u044c Proximity \u043a\u0430\u0440\u0442 \u0441 \u0447\u0430\u0441\u0442\u043e\u0442\u043e\u0439 125 \u041a\u0413\u0446 KR1000   \u0421\u0447\u0438\u0442\u044b\u0432\u0430\u0442\u0435\u043b\u044c Proximity-\u043a\u0430\u0440\u0442 \u0447\u0430\u0441\u0442\u043e\u0442\u043e\u0439 125 \u041a\u0413\u0446 \/\u041cifare \u043a\u0430\u0440\u0442 \u0447\u0430\u0441\u0442\u043e\u0442\u043e\u0439 13,56 \u041c\u0433\u0446  \u0420\u0430\u0441\u0441\u0442\u043e\u044f\u043d\u0438\u0435 \u0438\u0434\u0435\u043d\u0442\u0438\u0444\u0438\u043a\u0430\u0446\u0438\u0438: \u0434\u043e 100 \u0441\u043c  \u0418\u043d\u0442\u0435\u0440\u0444\u0435\u0439\u0441 Wiegand 26\/34 \u0431\u0438\u0442 (\u043f\u043e \u0443\u043c\u043e\u043b\u0447\u0430\u043d\u0438\u0438)  \u041f\u0440\u043e\u0441\u0442\u0430\u044f \u0443\u0441\u0442\u0430\u043d\u043e\u0432\u043a\u0430 \u043d\u0430 \u0440\u0430\u043c\u0443 \u0438\u043b\u0438 \u0441\u0442\u043e\u0439\u043a\u0443 \u043c\u0435\u0442\u0430\u043b\u043b\u0438\u0447\u0435\u0441\u043a\u043e\u0439 \u0434\u0432\u0435\u0440\u0438  \u0423\u043f\u0440\u0430\u0432\u043b\u0435\u043d\u0438\u0435 \u0432\u043d\u0435\u0448\u043d\u0438\u043c \u043e\u043f\u043e\u0432\u0435\u0449\u0435\u043d\u0438\u0435\u043c (\u0437\u0432\u0443\u043a\u043e\u0432\u043e\u0439 \u0441\u0438\u0433\u043d\u0430\u043b\/\u0441\u0432\u0435\u0442\u043e\u0434\u0438\u043e\u0434)  \u0418\u0441\u043f\u043e\u043b\u044c\u0437\u043e\u0432\u0430\u043d\u0438\u0435 \u043d\u0430 \u0443\u043b\u0438\u0446\u0435 \u0438 \u0432\u043d\u0443\u0442\u0440\u0438 \u0437\u0434\u0430\u043d\u0438\u044f  \u041f\u0440\u043e\u0447\u043d\u044b\u0439 \u043f\u043e\u043b\u0438\u043c\u0435\u0440\u043d\u044b\u0439 \u043a\u043e\u0440\u043f\u0443\u0441  \u0420\u0430\u0431\u043e\u0442\u0430 \u0432\u043e \u0432\u043b\u0430\u0436\u043d\u044b\u0445 \u0441\u0440\u0435\u0434\u0430\u0445 IP65  \u0417\u0430\u0449\u0438\u0442\u0430 \u043e\u0442 \u043d\u0435\u043f\u0440\u0430\u0432\u0438\u043b\u044c\u043d\u043e\u0433\u043e \u043f\u043e\u0434\u043a\u043b\u044e\u0447\u0435\u043d\u0438\u044f [:ro]  Distan\u021ba de identificare: p\u00e2n\u0103 la 100 cm  Interfa\u021ba Wiegand 26\/34 bi\u021bi (implicit)  U\u0219or de instalat pe rama sau cadrul metalic al u\u0219ii  Control extern al alarmelor (beep \/ LED)  Se utilizeaz\u0103\u00a0\u00een\u00a0strad\u0103 \u0219i \u00een interiorul cl\u0103dirii  Carcas\u0103 rezistent\u0103 din\u00a0polimer  Func\u021bionarea \u00een medii umede IP65  Protec\u021bie \u00eempotriva conexiunii incorecte [:]","og_url":"http:\/\/topteh.md\/ru\/product\/schityvatel-kr1000-long-range\/","og_site_name":"\u041e\u0431\u043e\u0440\u0443\u0434\u043e\u0432\u0430\u043d\u0438\u0435 \u0441\u0438\u0441\u0442\u0435\u043c \u0431\u0435\u0437\u043e\u043f\u0430\u0441\u043d\u043e\u0441\u0442\u0438 \u0434\u043b\u044f \u0434\u043e\u043c\u0430 \u0438 \u0431\u0438\u0437\u043d\u0435\u0441\u0430 \u0432 \u041c\u043e\u043b\u0434\u043e\u0432\u0435","article_modified_time":"2019-05-19T18:38:28+00:00","og_image":[{"width":235,"height":261,"url":"http:\/\/topteh.md\/wp-content\/uploads\/2019\/05\/kr1000.jpg","type":"image\/jpeg"}],"twitter_card":"summary_large_image","schema":{"@context":"https:\/\/schema.org","@graph":[{"@type":"Organization","@id":"http:\/\/topteh.md\/#organization","name":"Toptehimpex SRL","url":"http:\/\/topteh.md\/","sameAs":[],"logo":{"@type":"ImageObject","@id":"http:\/\/topteh.md\/#logo","inLanguage":"ru-RU","url":"http:\/\/topteh.md\/wp-content\/uploads\/2019\/02\/topteh-new-logo.jpg","contentUrl":"http:\/\/topteh.md\/wp-content\/uploads\/2019\/02\/topteh-new-logo.jpg","width":400,"height":225,"caption":"Toptehimpex SRL"},"image":{"@id":"http:\/\/topteh.md\/#logo"}},{"@type":"WebSite","@id":"http:\/\/topteh.md\/#website","url":"http:\/\/topteh.md\/","name":"\u041e\u0431\u043e\u0440\u0443\u0434\u043e\u0432\u0430\u043d\u0438\u0435 \u0441\u0438\u0441\u0442\u0435\u043c \u0431\u0435\u0437\u043e\u043f\u0430\u0441\u043d\u043e\u0441\u0442\u0438 \u0434\u043b\u044f \u0434\u043e\u043c\u0430 \u0438 \u0431\u0438\u0437\u043d\u0435\u0441\u0430 \u0432 \u041c\u043e\u043b\u0434\u043e\u0432\u0435","description":"\u0412\u044b\u0431\u0435\u0440\u0438 \u0441\u0432\u043e\u0439 \u0441\u043f\u043e\u0441\u043e\u0431 \u0431\u0435\u0437\u043e\u043f\u0430\u0441\u043d\u043e\u0441\u0442\u0438!","publisher":{"@id":"http:\/\/topteh.md\/#organization"},"potentialAction":[{"@type":"SearchAction","target":{"@type":"EntryPoint","urlTemplate":"http:\/\/topteh.md\/?s={search_term_string}"},"query-input":"required name=search_term_string"}],"inLanguage":"ru-RU"},{"@type":"ImageObject","@id":"http:\/\/topteh.md\/ru\/product\/schityvatel-kr1000-long-range\/#primaryimage","inLanguage":"ru-RU","url":"http:\/\/topteh.md\/wp-content\/uploads\/2019\/05\/kr1000.jpg","contentUrl":"http:\/\/topteh.md\/wp-content\/uploads\/2019\/05\/kr1000.jpg","width":235,"height":261},{"@type":"WebPage","@id":"http:\/\/topteh.md\/ru\/product\/schityvatel-kr1000-long-range\/#webpage","url":"http:\/\/topteh.md\/ru\/product\/schityvatel-kr1000-long-range\/","name":"[:ru]\u0421\u0447\u0438\u0442\u044b\u0432\u0430\u0442\u0435\u043b\u044c KR1000 Long Range[:ro]Cititor de carduri Proximity KR1000 Raz\u0103 lung\u0103[:] - \u041e\u0431\u043e\u0440\u0443\u0434\u043e\u0432\u0430\u043d\u0438\u0435 \u0441\u0438\u0441\u0442\u0435\u043c \u0431\u0435\u0437\u043e\u043f\u0430\u0441\u043d\u043e\u0441\u0442\u0438 \u0434\u043b\u044f \u0434\u043e\u043c\u0430 \u0438 \u0431\u0438\u0437\u043d\u0435\u0441\u0430 \u0432 \u041c\u043e\u043b\u0434\u043e\u0432\u0435","isPartOf":{"@id":"http:\/\/topteh.md\/#website"},"primaryImageOfPage":{"@id":"http:\/\/topteh.md\/ru\/product\/schityvatel-kr1000-long-range\/#primaryimage"},"datePublished":"2019-05-19T18:33:49+00:00","dateModified":"2019-05-19T18:38:28+00:00","breadcrumb":{"@id":"http:\/\/topteh.md\/ru\/product\/schityvatel-kr1000-long-range\/#breadcrumb"},"inLanguage":"ru-RU","potentialAction":[{"@type":"ReadAction","target":["http:\/\/topteh.md\/ru\/product\/schityvatel-kr1000-long-range\/"]}]},{"@type":"BreadcrumbList","@id":"http:\/\/topteh.md\/ru\/product\/schityvatel-kr1000-long-range\/#breadcrumb","itemListElement":[{"@type":"ListItem","position":1,"name":"Prima pagin\u0103","item":"http:\/\/topteh.md\/"},{"@type":"ListItem","position":2,"name":"Shop","item":"http:\/\/topteh.md\/shop\/"},{"@type":"ListItem","position":3,"name":"\u0421\u0447\u0438\u0442\u044b\u0432\u0430\u0442\u0435\u043b\u044c KR1000 Long Range"}]}]}},"jetpack_publicize_connections":[],"jetpack_sharing_enabled":true,"_links":{"self":[{"href":"http:\/\/topteh.md\/ru\/wp-json\/wp\/v2\/product\/2740"}],"collection":[{"href":"http:\/\/topteh.md\/ru\/wp-json\/wp\/v2\/product"}],"about":[{"href":"http:\/\/topteh.md\/ru\/wp-json\/wp\/v2\/types\/product"}],"replies":[{"embeddable":true,"href":"http:\/\/topteh.md\/ru\/wp-json\/wp\/v2\/comments?post=2740"}],"wp:featuredmedia":[{"embeddable":true,"href":"http:\/\/topteh.md\/ru\/wp-json\/wp\/v2\/media\/2741"}],"wp:attachment":[{"href":"http:\/\/topteh.md\/ru\/wp-json\/wp\/v2\/media?parent=2740"}],"wp:term":[{"taxonomy":"product_cat","embeddable":true,"href":"http:\/\/topteh.md\/ru\/wp-json\/wp\/v2\/product_cat?post=2740"},{"taxonomy":"product_tag","embeddable":true,"href":"http:\/\/topteh.md\/ru\/wp-json\/wp\/v2\/product_tag?post=2740"}],"curies":[{"name":"wp","href":"https:\/\/api.w.org\/{rel}","templated":true}]}}