{"id":2837,"date":"2019-07-01T15:40:02","date_gmt":"2019-07-01T12:40:02","guid":{"rendered":"http:\/\/litexplus.md\/?post_type=product&#038;p=2837"},"modified":"2019-07-01T15:42:38","modified_gmt":"2019-07-01T12:42:38","slug":"elektrozamok-bolt-ni-600","status":"publish","type":"product","link":"http:\/\/topteh.md\/ru\/product\/elektrozamok-bolt-ni-600\/","title":{"rendered":"\u042d\u043b\u0435\u043a\u0442\u0440\u043e\u0437\u0430\u043c\u043e\u043a-\u0431\u043e\u043b\u0442 NI-600"},"content":{"rendered":"<div id=\"pl-2837\"  class=\"panel-layout\" ><div id=\"pg-2837-0\"  class=\"panel-grid panel-no-style\" ><div id=\"pgc-2837-0-0\"  class=\"panel-grid-cell\" ><div id=\"panel-2837-0-0-0\" class=\"so-panel widget widget_text panel-first-child panel-last-child\" data-index=\"0\" >\t\t\t<div class=\"textwidget\"><ul>\n<li>\u041d\u043e\u0440\u043c\u0430\u043b\u044c\u043d\u043e \u043e\u0442\u043a\u0440\u044b\u0442\u044b\u0439<\/li>\n<li>\u0420\u0430\u0437\u043c\u0435\u0440 170*48*40mm<\/li>\n<li>\u0420\u0438\u0433\u0435\u043b\u044c 17\u044513 \u043c\u043c<\/li>\n<li>\u0421\u0438\u043b\u0430 \u0443\u0434\u0435\u0440\u0436\u0430\u043d\u0438\u044f 900\u043a\u0433<\/li>\n<li>\u0418\u043d\u0434\u0443\u043a\u0446\u0438\u043e\u043d\u043d\u043e\u0435 \u0440\u0430\u0441\u0441\u0442\u043e\u044f\u043d\u0438\u0435 8mm<\/li>\n<li>\u041f\u0438\u0442\u0430\u043d\u0438\u0435 DC12V<\/li>\n<li>\u041f\u043e\u0442\u0440\u0435\u0431\u043b\u044f\u0435\u043c\u044b\u0439 \u0442\u043e\u043a\u00a0Start\u00a0 900mA,\u00a0 Standby 250mA<\/li>\n<li>\u0422\u0435\u043c\u043f\u0435\u0440\u0430\u0442\u0443\u0440\u0430\u00a0-10~+25\u2103\uff0814-131F\uff09<\/li>\n<li>\u0422\u0430\u0439\u043c\u0435\u0440 0\/2,5\/5 \u0441\u0435\u043a<\/li>\n<li>\u0418\u0441\u043f\u043e\u043b\u044c\u0437\u0443\u0435\u0442\u0441\u044f \u0434\u043b\u044f \u0441\u0442\u0435\u043a\u043b\u044f\u043d\u043d\u044b\u0445 \u0434\u0432\u0435\u0440\u0435\u0439 (12-15 \u043c\u043c)<\/li>\n<li>\u041c\u0430\u0442\u0435\u0440\u0438\u0430\u043b \u0430\u043b\u044e\u043c\u0438\u043d\u0438\u0439<\/li>\n<\/ul>\n<\/div>\n\t\t<\/div><\/div><\/div><\/div>","protected":false},"excerpt":{"rendered":"<p><strong>\u042d\u043b\u0435\u043a\u0442\u0440\u043e\u0437\u0430\u043c\u043e\u043a-\u0431\u043e\u043b\u0442\u00a0NI-600<\/strong><\/p>\n<p>\u041d\u043e\u0440\u043c\u0430\u043b\u044c\u043d\u043e \u043e\u0442\u043a\u0440\u044b\u0442\u044b\u0439, \u0440\u0430\u0437\u043c\u0435\u0440 170*48*40mm,\u00a0 \u0440\u0438\u0433\u0435\u043b\u044c 17\u044513 \u043c\u043c, \u043f\u0438\u0442\u0430\u043d\u0438\u0435 DC12V, \u043f\u043e\u0442\u0440\u0435\u0431\u043b\u0435\u043d\u0438\u0435: Start\u00a0 900mA,\u00a0Standby 250mA, \u0442\u0430\u0439\u043c\u0435\u0440 0\/2,5\/5 \u0441\u0435\u043a. \u0418\u0441\u043f\u043e\u043b\u044c\u0437\u0443\u0435\u0442\u0441\u044f \u0434\u043b\u044f \u0441\u0442\u0435\u043a\u043b\u044f\u043d\u043d\u044b\u0445 \u0434\u0432\u0435\u0440\u0435\u0439 (12-15 \u043c\u043c)<\/p>\n<p>&nbsp;<\/p>\n","protected":false},"featured_media":2838,"comment_status":"open","ping_status":"closed","template":"","meta":{"spay_email":""},"product_cat":[242,272],"product_tag":[],"yoast_head":"<!-- This site is optimized with the Yoast SEO plugin v18.3 - https:\/\/yoast.com\/wordpress\/plugins\/seo\/ -->\n<title>\u042d\u043b\u0435\u043a\u0442\u0440\u043e\u0437\u0430\u043c\u043e\u043a-\u0431\u043e\u043b\u0442 NI-600 - \u041e\u0431\u043e\u0440\u0443\u0434\u043e\u0432\u0430\u043d\u0438\u0435 \u0441\u0438\u0441\u0442\u0435\u043c \u0431\u0435\u0437\u043e\u043f\u0430\u0441\u043d\u043e\u0441\u0442\u0438 \u0434\u043b\u044f \u0434\u043e\u043c\u0430 \u0438 \u0431\u0438\u0437\u043d\u0435\u0441\u0430 \u0432 \u041c\u043e\u043b\u0434\u043e\u0432\u0435<\/title>\n<meta name=\"robots\" content=\"index, follow, max-snippet:-1, max-image-preview:large, max-video-preview:-1\" \/>\n<link rel=\"canonical\" href=\"http:\/\/topteh.md\/ru\/product\/elektrozamok-bolt-ni-600\/\" \/>\n<meta property=\"og:locale\" content=\"ru_RU\" \/>\n<meta property=\"og:type\" content=\"article\" \/>\n<meta property=\"og:title\" content=\"[:ru]\u042d\u043b\u0435\u043a\u0442\u0440\u043e\u0437\u0430\u043c\u043e\u043a-\u0431\u043e\u043b\u0442 NI-600[:ro]L\u0103cat\u0103 electronic\u0103 NI-600[:] - \u041e\u0431\u043e\u0440\u0443\u0434\u043e\u0432\u0430\u043d\u0438\u0435 \u0441\u0438\u0441\u0442\u0435\u043c \u0431\u0435\u0437\u043e\u043f\u0430\u0441\u043d\u043e\u0441\u0442\u0438 \u0434\u043b\u044f \u0434\u043e\u043c\u0430 \u0438 \u0431\u0438\u0437\u043d\u0435\u0441\u0430 \u0432 \u041c\u043e\u043b\u0434\u043e\u0432\u0435\" \/>\n<meta property=\"og:description\" content=\"[:ru]\u042d\u043b\u0435\u043a\u0442\u0440\u043e\u0437\u0430\u043c\u043e\u043a-\u0431\u043e\u043b\u0442\u00a0NI-600  \u041d\u043e\u0440\u043c\u0430\u043b\u044c\u043d\u043e \u043e\u0442\u043a\u0440\u044b\u0442\u044b\u0439, \u0440\u0430\u0437\u043c\u0435\u0440 170*48*40mm,\u00a0 \u0440\u0438\u0433\u0435\u043b\u044c 17\u044513 \u043c\u043c, \u043f\u0438\u0442\u0430\u043d\u0438\u0435 DC12V, \u043f\u043e\u0442\u0440\u0435\u0431\u043b\u0435\u043d\u0438\u0435: Start\u00a0 900mA,\u00a0Standby 250mA, \u0442\u0430\u0439\u043c\u0435\u0440 0\/2,5\/5 \u0441\u0435\u043a. \u0418\u0441\u043f\u043e\u043b\u044c\u0437\u0443\u0435\u0442\u0441\u044f \u0434\u043b\u044f \u0441\u0442\u0435\u043a\u043b\u044f\u043d\u043d\u044b\u0445 \u0434\u0432\u0435\u0440\u0435\u0439 (12-15 \u043c\u043c)  &nbsp;[:ro]Electric Bolt\u00a0NI-600  Fail-safe type: Power to lock;\u00a0Voltage: DC12V;\u00a0Face Plate:170*48*40mm;\u00a0Bolt: 17mm DIA, stainless steel 13mm throw;\u00a0Suitable For Frameless Glass Door ( 12~15mm thickness)[:]\" \/>\n<meta property=\"og:url\" content=\"http:\/\/topteh.md\/ru\/product\/elektrozamok-bolt-ni-600\/\" \/>\n<meta property=\"og:site_name\" content=\"\u041e\u0431\u043e\u0440\u0443\u0434\u043e\u0432\u0430\u043d\u0438\u0435 \u0441\u0438\u0441\u0442\u0435\u043c \u0431\u0435\u0437\u043e\u043f\u0430\u0441\u043d\u043e\u0441\u0442\u0438 \u0434\u043b\u044f \u0434\u043e\u043c\u0430 \u0438 \u0431\u0438\u0437\u043d\u0435\u0441\u0430 \u0432 \u041c\u043e\u043b\u0434\u043e\u0432\u0435\" \/>\n<meta property=\"article:modified_time\" content=\"2019-07-01T12:42:38+00:00\" \/>\n<meta property=\"og:image\" content=\"http:\/\/topteh.md\/wp-content\/uploads\/2019\/07\/NI-600.jpg\" \/>\n\t<meta property=\"og:image:width\" content=\"578\" \/>\n\t<meta property=\"og:image:height\" content=\"578\" \/>\n\t<meta property=\"og:image:type\" content=\"image\/jpeg\" \/>\n<meta name=\"twitter:card\" content=\"summary_large_image\" \/>\n<script type=\"application\/ld+json\" class=\"yoast-schema-graph\">{\"@context\":\"https:\/\/schema.org\",\"@graph\":[{\"@type\":\"Organization\",\"@id\":\"http:\/\/topteh.md\/#organization\",\"name\":\"Toptehimpex SRL\",\"url\":\"http:\/\/topteh.md\/\",\"sameAs\":[],\"logo\":{\"@type\":\"ImageObject\",\"@id\":\"http:\/\/topteh.md\/#logo\",\"inLanguage\":\"ru-RU\",\"url\":\"http:\/\/topteh.md\/wp-content\/uploads\/2019\/02\/topteh-new-logo.jpg\",\"contentUrl\":\"http:\/\/topteh.md\/wp-content\/uploads\/2019\/02\/topteh-new-logo.jpg\",\"width\":400,\"height\":225,\"caption\":\"Toptehimpex SRL\"},\"image\":{\"@id\":\"http:\/\/topteh.md\/#logo\"}},{\"@type\":\"WebSite\",\"@id\":\"http:\/\/topteh.md\/#website\",\"url\":\"http:\/\/topteh.md\/\",\"name\":\"\u041e\u0431\u043e\u0440\u0443\u0434\u043e\u0432\u0430\u043d\u0438\u0435 \u0441\u0438\u0441\u0442\u0435\u043c \u0431\u0435\u0437\u043e\u043f\u0430\u0441\u043d\u043e\u0441\u0442\u0438 \u0434\u043b\u044f \u0434\u043e\u043c\u0430 \u0438 \u0431\u0438\u0437\u043d\u0435\u0441\u0430 \u0432 \u041c\u043e\u043b\u0434\u043e\u0432\u0435\",\"description\":\"\u0412\u044b\u0431\u0435\u0440\u0438 \u0441\u0432\u043e\u0439 \u0441\u043f\u043e\u0441\u043e\u0431 \u0431\u0435\u0437\u043e\u043f\u0430\u0441\u043d\u043e\u0441\u0442\u0438!\",\"publisher\":{\"@id\":\"http:\/\/topteh.md\/#organization\"},\"potentialAction\":[{\"@type\":\"SearchAction\",\"target\":{\"@type\":\"EntryPoint\",\"urlTemplate\":\"http:\/\/topteh.md\/?s={search_term_string}\"},\"query-input\":\"required name=search_term_string\"}],\"inLanguage\":\"ru-RU\"},{\"@type\":\"ImageObject\",\"@id\":\"http:\/\/topteh.md\/ru\/product\/elektrozamok-bolt-ni-600\/#primaryimage\",\"inLanguage\":\"ru-RU\",\"url\":\"http:\/\/topteh.md\/wp-content\/uploads\/2019\/07\/NI-600.jpg\",\"contentUrl\":\"http:\/\/topteh.md\/wp-content\/uploads\/2019\/07\/NI-600.jpg\",\"width\":578,\"height\":578},{\"@type\":\"WebPage\",\"@id\":\"http:\/\/topteh.md\/ru\/product\/elektrozamok-bolt-ni-600\/#webpage\",\"url\":\"http:\/\/topteh.md\/ru\/product\/elektrozamok-bolt-ni-600\/\",\"name\":\"[:ru]\u042d\u043b\u0435\u043a\u0442\u0440\u043e\u0437\u0430\u043c\u043e\u043a-\u0431\u043e\u043b\u0442 NI-600[:ro]L\u0103cat\u0103 electronic\u0103 NI-600[:] - \u041e\u0431\u043e\u0440\u0443\u0434\u043e\u0432\u0430\u043d\u0438\u0435 \u0441\u0438\u0441\u0442\u0435\u043c \u0431\u0435\u0437\u043e\u043f\u0430\u0441\u043d\u043e\u0441\u0442\u0438 \u0434\u043b\u044f \u0434\u043e\u043c\u0430 \u0438 \u0431\u0438\u0437\u043d\u0435\u0441\u0430 \u0432 \u041c\u043e\u043b\u0434\u043e\u0432\u0435\",\"isPartOf\":{\"@id\":\"http:\/\/topteh.md\/#website\"},\"primaryImageOfPage\":{\"@id\":\"http:\/\/topteh.md\/ru\/product\/elektrozamok-bolt-ni-600\/#primaryimage\"},\"datePublished\":\"2019-07-01T12:40:02+00:00\",\"dateModified\":\"2019-07-01T12:42:38+00:00\",\"breadcrumb\":{\"@id\":\"http:\/\/topteh.md\/ru\/product\/elektrozamok-bolt-ni-600\/#breadcrumb\"},\"inLanguage\":\"ru-RU\",\"potentialAction\":[{\"@type\":\"ReadAction\",\"target\":[\"http:\/\/topteh.md\/ru\/product\/elektrozamok-bolt-ni-600\/\"]}]},{\"@type\":\"BreadcrumbList\",\"@id\":\"http:\/\/topteh.md\/ru\/product\/elektrozamok-bolt-ni-600\/#breadcrumb\",\"itemListElement\":[{\"@type\":\"ListItem\",\"position\":1,\"name\":\"Prima pagin\u0103\",\"item\":\"http:\/\/topteh.md\/\"},{\"@type\":\"ListItem\",\"position\":2,\"name\":\"Shop\",\"item\":\"http:\/\/topteh.md\/shop\/\"},{\"@type\":\"ListItem\",\"position\":3,\"name\":\"\u042d\u043b\u0435\u043a\u0442\u0440\u043e\u0437\u0430\u043c\u043e\u043a-\u0431\u043e\u043b\u0442 NI-600\"}]}]}<\/script>\n<!-- \/ Yoast SEO plugin. -->","yoast_head_json":{"title":"[:ru]\u042d\u043b\u0435\u043a\u0442\u0440\u043e\u0437\u0430\u043c\u043e\u043a-\u0431\u043e\u043b\u0442 NI-600[:ro]L\u0103cat\u0103 electronic\u0103 NI-600[:] - \u041e\u0431\u043e\u0440\u0443\u0434\u043e\u0432\u0430\u043d\u0438\u0435 \u0441\u0438\u0441\u0442\u0435\u043c \u0431\u0435\u0437\u043e\u043f\u0430\u0441\u043d\u043e\u0441\u0442\u0438 \u0434\u043b\u044f \u0434\u043e\u043c\u0430 \u0438 \u0431\u0438\u0437\u043d\u0435\u0441\u0430 \u0432 \u041c\u043e\u043b\u0434\u043e\u0432\u0435","robots":{"index":"index","follow":"follow","max-snippet":"max-snippet:-1","max-image-preview":"max-image-preview:large","max-video-preview":"max-video-preview:-1"},"canonical":"http:\/\/topteh.md\/ru\/product\/elektrozamok-bolt-ni-600\/","og_locale":"ru_RU","og_type":"article","og_title":"[:ru]\u042d\u043b\u0435\u043a\u0442\u0440\u043e\u0437\u0430\u043c\u043e\u043a-\u0431\u043e\u043b\u0442 NI-600[:ro]L\u0103cat\u0103 electronic\u0103 NI-600[:] - \u041e\u0431\u043e\u0440\u0443\u0434\u043e\u0432\u0430\u043d\u0438\u0435 \u0441\u0438\u0441\u0442\u0435\u043c \u0431\u0435\u0437\u043e\u043f\u0430\u0441\u043d\u043e\u0441\u0442\u0438 \u0434\u043b\u044f \u0434\u043e\u043c\u0430 \u0438 \u0431\u0438\u0437\u043d\u0435\u0441\u0430 \u0432 \u041c\u043e\u043b\u0434\u043e\u0432\u0435","og_description":"[:ru]\u042d\u043b\u0435\u043a\u0442\u0440\u043e\u0437\u0430\u043c\u043e\u043a-\u0431\u043e\u043b\u0442\u00a0NI-600  \u041d\u043e\u0440\u043c\u0430\u043b\u044c\u043d\u043e \u043e\u0442\u043a\u0440\u044b\u0442\u044b\u0439, \u0440\u0430\u0437\u043c\u0435\u0440 170*48*40mm,\u00a0 \u0440\u0438\u0433\u0435\u043b\u044c 17\u044513 \u043c\u043c, \u043f\u0438\u0442\u0430\u043d\u0438\u0435 DC12V, \u043f\u043e\u0442\u0440\u0435\u0431\u043b\u0435\u043d\u0438\u0435: Start\u00a0 900mA,\u00a0Standby 250mA, \u0442\u0430\u0439\u043c\u0435\u0440 0\/2,5\/5 \u0441\u0435\u043a. \u0418\u0441\u043f\u043e\u043b\u044c\u0437\u0443\u0435\u0442\u0441\u044f \u0434\u043b\u044f \u0441\u0442\u0435\u043a\u043b\u044f\u043d\u043d\u044b\u0445 \u0434\u0432\u0435\u0440\u0435\u0439 (12-15 \u043c\u043c)  &nbsp;[:ro]Electric Bolt\u00a0NI-600  Fail-safe type: Power to lock;\u00a0Voltage: DC12V;\u00a0Face Plate:170*48*40mm;\u00a0Bolt: 17mm DIA, stainless steel 13mm throw;\u00a0Suitable For Frameless Glass Door ( 12~15mm thickness)[:]","og_url":"http:\/\/topteh.md\/ru\/product\/elektrozamok-bolt-ni-600\/","og_site_name":"\u041e\u0431\u043e\u0440\u0443\u0434\u043e\u0432\u0430\u043d\u0438\u0435 \u0441\u0438\u0441\u0442\u0435\u043c \u0431\u0435\u0437\u043e\u043f\u0430\u0441\u043d\u043e\u0441\u0442\u0438 \u0434\u043b\u044f \u0434\u043e\u043c\u0430 \u0438 \u0431\u0438\u0437\u043d\u0435\u0441\u0430 \u0432 \u041c\u043e\u043b\u0434\u043e\u0432\u0435","article_modified_time":"2019-07-01T12:42:38+00:00","og_image":[{"width":578,"height":578,"url":"http:\/\/topteh.md\/wp-content\/uploads\/2019\/07\/NI-600.jpg","type":"image\/jpeg"}],"twitter_card":"summary_large_image","schema":{"@context":"https:\/\/schema.org","@graph":[{"@type":"Organization","@id":"http:\/\/topteh.md\/#organization","name":"Toptehimpex SRL","url":"http:\/\/topteh.md\/","sameAs":[],"logo":{"@type":"ImageObject","@id":"http:\/\/topteh.md\/#logo","inLanguage":"ru-RU","url":"http:\/\/topteh.md\/wp-content\/uploads\/2019\/02\/topteh-new-logo.jpg","contentUrl":"http:\/\/topteh.md\/wp-content\/uploads\/2019\/02\/topteh-new-logo.jpg","width":400,"height":225,"caption":"Toptehimpex SRL"},"image":{"@id":"http:\/\/topteh.md\/#logo"}},{"@type":"WebSite","@id":"http:\/\/topteh.md\/#website","url":"http:\/\/topteh.md\/","name":"\u041e\u0431\u043e\u0440\u0443\u0434\u043e\u0432\u0430\u043d\u0438\u0435 \u0441\u0438\u0441\u0442\u0435\u043c \u0431\u0435\u0437\u043e\u043f\u0430\u0441\u043d\u043e\u0441\u0442\u0438 \u0434\u043b\u044f \u0434\u043e\u043c\u0430 \u0438 \u0431\u0438\u0437\u043d\u0435\u0441\u0430 \u0432 \u041c\u043e\u043b\u0434\u043e\u0432\u0435","description":"\u0412\u044b\u0431\u0435\u0440\u0438 \u0441\u0432\u043e\u0439 \u0441\u043f\u043e\u0441\u043e\u0431 \u0431\u0435\u0437\u043e\u043f\u0430\u0441\u043d\u043e\u0441\u0442\u0438!","publisher":{"@id":"http:\/\/topteh.md\/#organization"},"potentialAction":[{"@type":"SearchAction","target":{"@type":"EntryPoint","urlTemplate":"http:\/\/topteh.md\/?s={search_term_string}"},"query-input":"required name=search_term_string"}],"inLanguage":"ru-RU"},{"@type":"ImageObject","@id":"http:\/\/topteh.md\/ru\/product\/elektrozamok-bolt-ni-600\/#primaryimage","inLanguage":"ru-RU","url":"http:\/\/topteh.md\/wp-content\/uploads\/2019\/07\/NI-600.jpg","contentUrl":"http:\/\/topteh.md\/wp-content\/uploads\/2019\/07\/NI-600.jpg","width":578,"height":578},{"@type":"WebPage","@id":"http:\/\/topteh.md\/ru\/product\/elektrozamok-bolt-ni-600\/#webpage","url":"http:\/\/topteh.md\/ru\/product\/elektrozamok-bolt-ni-600\/","name":"[:ru]\u042d\u043b\u0435\u043a\u0442\u0440\u043e\u0437\u0430\u043c\u043e\u043a-\u0431\u043e\u043b\u0442 NI-600[:ro]L\u0103cat\u0103 electronic\u0103 NI-600[:] - \u041e\u0431\u043e\u0440\u0443\u0434\u043e\u0432\u0430\u043d\u0438\u0435 \u0441\u0438\u0441\u0442\u0435\u043c \u0431\u0435\u0437\u043e\u043f\u0430\u0441\u043d\u043e\u0441\u0442\u0438 \u0434\u043b\u044f \u0434\u043e\u043c\u0430 \u0438 \u0431\u0438\u0437\u043d\u0435\u0441\u0430 \u0432 \u041c\u043e\u043b\u0434\u043e\u0432\u0435","isPartOf":{"@id":"http:\/\/topteh.md\/#website"},"primaryImageOfPage":{"@id":"http:\/\/topteh.md\/ru\/product\/elektrozamok-bolt-ni-600\/#primaryimage"},"datePublished":"2019-07-01T12:40:02+00:00","dateModified":"2019-07-01T12:42:38+00:00","breadcrumb":{"@id":"http:\/\/topteh.md\/ru\/product\/elektrozamok-bolt-ni-600\/#breadcrumb"},"inLanguage":"ru-RU","potentialAction":[{"@type":"ReadAction","target":["http:\/\/topteh.md\/ru\/product\/elektrozamok-bolt-ni-600\/"]}]},{"@type":"BreadcrumbList","@id":"http:\/\/topteh.md\/ru\/product\/elektrozamok-bolt-ni-600\/#breadcrumb","itemListElement":[{"@type":"ListItem","position":1,"name":"Prima pagin\u0103","item":"http:\/\/topteh.md\/"},{"@type":"ListItem","position":2,"name":"Shop","item":"http:\/\/topteh.md\/shop\/"},{"@type":"ListItem","position":3,"name":"\u042d\u043b\u0435\u043a\u0442\u0440\u043e\u0437\u0430\u043c\u043e\u043a-\u0431\u043e\u043b\u0442 NI-600"}]}]}},"jetpack_publicize_connections":[],"jetpack_sharing_enabled":true,"_links":{"self":[{"href":"http:\/\/topteh.md\/ru\/wp-json\/wp\/v2\/product\/2837"}],"collection":[{"href":"http:\/\/topteh.md\/ru\/wp-json\/wp\/v2\/product"}],"about":[{"href":"http:\/\/topteh.md\/ru\/wp-json\/wp\/v2\/types\/product"}],"replies":[{"embeddable":true,"href":"http:\/\/topteh.md\/ru\/wp-json\/wp\/v2\/comments?post=2837"}],"wp:featuredmedia":[{"embeddable":true,"href":"http:\/\/topteh.md\/ru\/wp-json\/wp\/v2\/media\/2838"}],"wp:attachment":[{"href":"http:\/\/topteh.md\/ru\/wp-json\/wp\/v2\/media?parent=2837"}],"wp:term":[{"taxonomy":"product_cat","embeddable":true,"href":"http:\/\/topteh.md\/ru\/wp-json\/wp\/v2\/product_cat?post=2837"},{"taxonomy":"product_tag","embeddable":true,"href":"http:\/\/topteh.md\/ru\/wp-json\/wp\/v2\/product_tag?post=2837"}],"curies":[{"name":"wp","href":"https:\/\/api.w.org\/{rel}","templated":true}]}}