{"id":2841,"date":"2019-07-01T16:31:29","date_gmt":"2019-07-01T13:31:29","guid":{"rendered":"http:\/\/litexplus.md\/?post_type=product&#038;p=2841"},"modified":"2019-07-01T16:33:37","modified_gmt":"2019-07-01T13:33:37","slug":"zamok-elektromagnitnyi-ne-180s","status":"publish","type":"product","link":"http:\/\/topteh.md\/ru\/product\/zamok-elektromagnitnyi-ne-180s\/","title":{"rendered":"\u0417\u0430\u043c\u043e\u043a \u044d\u043b\u0435\u043a\u0442\u0440\u043e\u043c\u0430\u0433\u043d\u0438\u0442\u043d\u044b\u0439 NE-180S"},"content":{"rendered":"<div id=\"pl-2841\"  class=\"panel-layout\" ><div id=\"pg-2841-0\"  class=\"panel-grid panel-no-style\" ><div id=\"pgc-2841-0-0\"  class=\"panel-grid-cell\" ><div id=\"panel-2841-0-0-0\" class=\"so-panel widget widget_text panel-first-child panel-last-child\" data-index=\"0\" >\t\t\t<div class=\"textwidget\"><ul>\n<li>\u0421\u0435\u043d\u0441\u043e\u0440\u043d\u044b\u0439 \u0434\u0430\u0442\u0447\u0438\u043a \u0441\u043e\u0441\u0442\u043e\u044f\u043d\u0438\u044f<\/li>\n<li>\u0420\u0430\u0437\u043c\u0435\u0440\u00a0170Lx35Wx21H(mm)<\/li>\n<li>\u0420\u0430\u0437\u043c\u0435\u0440 \u043e\u0442\u0432\u0435\u0442\u043d\u043e\u0439 \u043f\u043b\u0430\u043d\u043a\u0438\u00a0130Lx33Wx9.3H(mm)<\/li>\n<li>\u0421\u0438\u043b\u0430 \u0443\u0434\u0435\u0440\u0436\u0430\u043d\u0438\u044f 180\u043a\u0433<\/li>\n<li>\u041d\u043e\u0440\u043c\u0430\u043b\u044c\u043d\u043e \u043e\u0442\u043a\u0440\u044b\u0442\u044b\u0439 ( \u043f\u043e\u0434\u0445\u043e\u0434\u044f\u0449\u0438\u0439 \u0434\u043b\u044f \u0430\u0432\u0430\u0440\u0438\u0439\u043d\u043e\u0433\u043e \u0432\u044b\u0445\u043e\u0434\u0430)<\/li>\n<li>\u041f\u0438\u0442\u0430\u043d\u0438\u0435\u00a0DC12V \u0438\u043b\u0438\u00a0DC24V<\/li>\n<li>\u041f\u043e\u0442\u0440\u0435\u0431\u043b\u044f\u0435\u043c\u044b\u0439\u00a0\u0442\u043e\u043a\u00a012V\/500mA 24V\/250mA<\/li>\n<li>\u0412\u044b\u0445\u043e\u0434\u043d\u043e\u0439 \u0441\u0438\u0433\u043d\u0430\u043b \u0441\u0443\u0445\u043e\u0439 \u043a\u043e\u043d\u0442\u0430\u043a\u0442, \u043c\u0430\u043a\u0441\u0438\u043c\u0430\u043b\u044c\u043d\u043e 3\u0410<\/li>\n<li>\u041f\u043e\u0434\u0445\u043e\u0434\u0438\u0442 \u0434\u043b\u044f \u0434\u0435\u0440\u0435\u0432\u044f\u043d\u043d\u044b\u0445 \u0434\u0432\u0435\u0440\u0435\u0439, \u0441\u0442\u0435\u043a\u043b\u044f\u043d\u043d\u044b\u0445, \u043c\u0435\u0442\u0430\u043b\u043b\u0438\u0447\u0435\u0441\u043a\u0438\u0445 \u0438 \u043f\u0440\u043e\u0442\u0438\u0432\u043e\u043f\u043e\u0436\u0430\u0440\u043d\u044b\u0445<\/li>\n<li>\u0422\u0435\u043c\u043f\u0435\u0440\u0430\u0442\u0443\u0440\u0430 -10~+55\u00b0C(14-131F)<\/li>\n<li>\u0412\u043b\u0430\u0436\u043d\u043e\u0441\u0442\u044c\u00a00~90%<\/li>\n<li>\u041a\u043e\u0440\u043f\u0443\u0441 \u0430\u043b\u044e\u043c\u0438\u043d\u0438\u0435\u0432\u044b\u0439<\/li>\n<li>\u0410\u0432\u0442\u043e\u043c\u0430\u0442\u0438\u0447\u0435\u0441\u043a\u0430\u044f \u0444\u0443\u043d\u043a\u0446\u0438\u044f \u0440\u0430\u0437\u043c\u0430\u0433\u043d\u0438\u0447\u0438\u0432\u0430\u043d\u0438\u044f<\/li>\n<li>\u0412\u044b\u0441\u043e\u043a\u0430\u044f \u044d\u0444\u0444\u0435\u043a\u0442\u0438\u0432\u043d\u043e\u0441\u0442\u044c \u0441 \u043d\u0438\u0437\u043a\u0438\u043c \u043f\u043e\u0442\u0440\u0435\u0431\u043b\u0435\u043d\u0438\u0435\u043c \u044d\u043d\u0435\u0440\u0433\u0438\u0438<\/li>\n<li>\u0412\u0435\u0441\u044c \u0438\u0441\u043f\u043e\u043b\u044c\u0437\u0443\u0435\u043c\u044b\u0439 \u043c\u0430\u0442\u0435\u0440\u0438\u0430\u043b \u043e\u0433\u043d\u0435\u0443\u043f\u043e\u0440\u043d\u044b\u0439<\/li>\n<li>\u0414\u0432\u043e\u0439\u043d\u043e\u0439 \u0438\u0437\u043e\u043b\u0438\u0440\u0443\u044e\u0449\u0438\u0439 \u043a\u043e\u0440\u043f\u0443\u0441<\/li>\n<li>\u0414\u043e\u0441\u0442\u0443\u043f\u043d\u044b \u0434\u043b\u044f \u0443\u0441\u0442\u0430\u043d\u043e\u0432\u043a\u0438 \u0434\u043e\u043f\u043e\u043b\u043d\u0438\u0442\u0435\u043b\u044c\u043d\u044b\u0435 \u043a\u0440\u043e\u043d\u0448\u0442\u0435\u0439\u043d\u044b (\u043d\u0435 \u0432\u0445\u043e\u0434\u044f\u0442 \u0432 \u043a\u043e\u043c\u043f\u043b\u0435\u043a\u0442)<\/li>\n<li>\u0421\u0435\u0440\u0442\u0438\u0444\u0438\u0446\u0438\u0440\u043e\u0432\u0430\u043d\u043e \u043f\u043e \u0415\u0432\u0440\u043e\u043f\u0435\u0439\u0441\u043a\u0438\u043c \u0441\u0442\u0430\u043d\u0434\u0430\u0440\u0442\u0430\u043c<\/li>\n<\/ul>\n<\/div>\n\t\t<\/div><\/div><\/div><\/div>","protected":false},"excerpt":{"rendered":"<p><strong>\u0417\u0430\u043c\u043e\u043a \u044d\u043b\u0435\u043a\u0442\u0440\u043e\u043c\u0430\u0433\u043d\u0438\u0442\u043d\u044b\u0439 \u00a0NE-180S<\/strong><\/p>\n<p>\u0421\u0435\u043d\u0441\u043e\u0440\u043d\u044b\u0439 \u0434\u0430\u0442\u0447\u0438\u043a \u0441\u043e\u0441\u0442\u043e\u044f\u043d\u0438\u044f;\u00a0\u0420\u0430\u0437\u043c\u0435\u0440\u00a0170Lx35Wx21H(mm);<\/p>\n<p>\u0420\u0430\u0437\u043c\u0435\u0440 \u043e\u0442\u0432\u0435\u0442\u043d\u043e\u0439 \u043f\u043b\u0430\u043d\u043a\u0438\u00a0130Lx33Wx9.3H(mm); \u0421\u0438\u043b\u0430 \u0437\u0430\u0436\u0438\u043c\u0430\u00a0180\u043a\u0433; \u041d\u043e\u0440\u043c\u0430\u043b\u044c\u043d\u043e \u043e\u0442\u043a\u0440\u044b\u0442\u044b\u0439 ( \u043f\u043e\u0434\u0445\u043e\u0434\u044f\u0449\u0438\u0439 \u0434\u043b\u044f \u0430\u0432\u0430\u0440\u0438\u0439\u043d\u043e\u0433\u043e \u0432\u044b\u0445\u043e\u0434\u0430); \u041f\u0438\u0442\u0430\u043d\u0438\u0435\u00a0DC12V \u0438\u043b\u0438\u00a0DC24V; \u0412\u044b\u0441\u043e\u043a\u043e\u043f\u0440\u043e\u0447\u043d\u044b\u0439 \u043c\u0430\u0442\u0435\u0440\u0438\u0430\u043b, \u0430\u043b\u044e\u043c\u0438\u043d\u0438\u0435\u0432\u044b\u0439 \u043a\u043e\u0440\u043f\u0443\u0441.<\/p>\n","protected":false},"featured_media":2842,"comment_status":"open","ping_status":"closed","template":"","meta":{"spay_email":""},"product_cat":[242,272],"product_tag":[],"yoast_head":"<!-- This site is optimized with the Yoast SEO plugin v18.3 - https:\/\/yoast.com\/wordpress\/plugins\/seo\/ -->\n<title>\u0417\u0430\u043c\u043e\u043a \u044d\u043b\u0435\u043a\u0442\u0440\u043e\u043c\u0430\u0433\u043d\u0438\u0442\u043d\u044b\u0439 NE-180S - \u041e\u0431\u043e\u0440\u0443\u0434\u043e\u0432\u0430\u043d\u0438\u0435 \u0441\u0438\u0441\u0442\u0435\u043c \u0431\u0435\u0437\u043e\u043f\u0430\u0441\u043d\u043e\u0441\u0442\u0438 \u0434\u043b\u044f \u0434\u043e\u043c\u0430 \u0438 \u0431\u0438\u0437\u043d\u0435\u0441\u0430 \u0432 \u041c\u043e\u043b\u0434\u043e\u0432\u0435<\/title>\n<meta name=\"robots\" content=\"index, follow, max-snippet:-1, max-image-preview:large, max-video-preview:-1\" \/>\n<link rel=\"canonical\" href=\"http:\/\/topteh.md\/ru\/product\/zamok-elektromagnitnyi-ne-180s\/\" \/>\n<meta property=\"og:locale\" content=\"ru_RU\" \/>\n<meta property=\"og:type\" content=\"article\" \/>\n<meta property=\"og:title\" content=\"[:ru]\u0417\u0430\u043c\u043e\u043a \u044d\u043b\u0435\u043a\u0442\u0440\u043e\u043c\u0430\u0433\u043d\u0438\u0442\u043d\u044b\u0439 NE-180S[:ro]L\u0103cat\u0103 electro-magnetic\u0103 NE-180S[:] - \u041e\u0431\u043e\u0440\u0443\u0434\u043e\u0432\u0430\u043d\u0438\u0435 \u0441\u0438\u0441\u0442\u0435\u043c \u0431\u0435\u0437\u043e\u043f\u0430\u0441\u043d\u043e\u0441\u0442\u0438 \u0434\u043b\u044f \u0434\u043e\u043c\u0430 \u0438 \u0431\u0438\u0437\u043d\u0435\u0441\u0430 \u0432 \u041c\u043e\u043b\u0434\u043e\u0432\u0435\" \/>\n<meta property=\"og:description\" content=\"[:ru]\u0417\u0430\u043c\u043e\u043a \u044d\u043b\u0435\u043a\u0442\u0440\u043e\u043c\u0430\u0433\u043d\u0438\u0442\u043d\u044b\u0439 \u00a0NE-180S  \u0421\u0435\u043d\u0441\u043e\u0440\u043d\u044b\u0439 \u0434\u0430\u0442\u0447\u0438\u043a \u0441\u043e\u0441\u0442\u043e\u044f\u043d\u0438\u044f;\u00a0\u0420\u0430\u0437\u043c\u0435\u0440\u00a0170Lx35Wx21H(mm);  \u0420\u0430\u0437\u043c\u0435\u0440 \u043e\u0442\u0432\u0435\u0442\u043d\u043e\u0439 \u043f\u043b\u0430\u043d\u043a\u0438\u00a0130Lx33Wx9.3H(mm); \u0421\u0438\u043b\u0430 \u0437\u0430\u0436\u0438\u043c\u0430\u00a0180\u043a\u0433; \u041d\u043e\u0440\u043c\u0430\u043b\u044c\u043d\u043e \u043e\u0442\u043a\u0440\u044b\u0442\u044b\u0439 ( \u043f\u043e\u0434\u0445\u043e\u0434\u044f\u0449\u0438\u0439 \u0434\u043b\u044f \u0430\u0432\u0430\u0440\u0438\u0439\u043d\u043e\u0433\u043e \u0432\u044b\u0445\u043e\u0434\u0430); \u041f\u0438\u0442\u0430\u043d\u0438\u0435\u00a0DC12V \u0438\u043b\u0438\u00a0DC24V; \u0412\u044b\u0441\u043e\u043a\u043e\u043f\u0440\u043e\u0447\u043d\u044b\u0439 \u043c\u0430\u0442\u0435\u0440\u0438\u0430\u043b, \u0430\u043b\u044e\u043c\u0438\u043d\u0438\u0435\u0432\u044b\u0439 \u043a\u043e\u0440\u043f\u0443\u0441.[:ro]Electromagnetic lock \u00a0NE-180S  With Lock Status sensor(NO\/NC\/COM); \u00a0Lock Size: 170Lx35Wx21H(mm);\u00a0Armature plate: 130Lx33Wx9.3H(mm);\u00a0Holding Force: 180kg(350Lbs);\u00a0Fail-safe (power to lock) electric lock suitable for fire exit;\u00a0Voltage:DC12V or DC24V;\u00a0Aluminum Housing[:]\" \/>\n<meta property=\"og:url\" content=\"http:\/\/topteh.md\/ru\/product\/zamok-elektromagnitnyi-ne-180s\/\" \/>\n<meta property=\"og:site_name\" content=\"\u041e\u0431\u043e\u0440\u0443\u0434\u043e\u0432\u0430\u043d\u0438\u0435 \u0441\u0438\u0441\u0442\u0435\u043c \u0431\u0435\u0437\u043e\u043f\u0430\u0441\u043d\u043e\u0441\u0442\u0438 \u0434\u043b\u044f \u0434\u043e\u043c\u0430 \u0438 \u0431\u0438\u0437\u043d\u0435\u0441\u0430 \u0432 \u041c\u043e\u043b\u0434\u043e\u0432\u0435\" \/>\n<meta property=\"article:modified_time\" content=\"2019-07-01T13:33:37+00:00\" \/>\n<meta property=\"og:image\" content=\"http:\/\/topteh.md\/wp-content\/uploads\/2019\/07\/NE-180S.jpg\" \/>\n\t<meta property=\"og:image:width\" content=\"697\" \/>\n\t<meta property=\"og:image:height\" content=\"697\" \/>\n\t<meta property=\"og:image:type\" content=\"image\/jpeg\" \/>\n<meta name=\"twitter:card\" content=\"summary_large_image\" \/>\n<meta name=\"twitter:label1\" content=\"\u041f\u0440\u0438\u043c\u0435\u0440\u043d\u043e\u0435 \u0432\u0440\u0435\u043c\u044f \u0434\u043b\u044f \u0447\u0442\u0435\u043d\u0438\u044f\" \/>\n\t<meta name=\"twitter:data1\" content=\"1 \u043c\u0438\u043d\u0443\u0442\u0430\" \/>\n<script type=\"application\/ld+json\" class=\"yoast-schema-graph\">{\"@context\":\"https:\/\/schema.org\",\"@graph\":[{\"@type\":\"Organization\",\"@id\":\"http:\/\/topteh.md\/#organization\",\"name\":\"Toptehimpex SRL\",\"url\":\"http:\/\/topteh.md\/\",\"sameAs\":[],\"logo\":{\"@type\":\"ImageObject\",\"@id\":\"http:\/\/topteh.md\/#logo\",\"inLanguage\":\"ru-RU\",\"url\":\"http:\/\/topteh.md\/wp-content\/uploads\/2019\/02\/topteh-new-logo.jpg\",\"contentUrl\":\"http:\/\/topteh.md\/wp-content\/uploads\/2019\/02\/topteh-new-logo.jpg\",\"width\":400,\"height\":225,\"caption\":\"Toptehimpex SRL\"},\"image\":{\"@id\":\"http:\/\/topteh.md\/#logo\"}},{\"@type\":\"WebSite\",\"@id\":\"http:\/\/topteh.md\/#website\",\"url\":\"http:\/\/topteh.md\/\",\"name\":\"\u041e\u0431\u043e\u0440\u0443\u0434\u043e\u0432\u0430\u043d\u0438\u0435 \u0441\u0438\u0441\u0442\u0435\u043c \u0431\u0435\u0437\u043e\u043f\u0430\u0441\u043d\u043e\u0441\u0442\u0438 \u0434\u043b\u044f \u0434\u043e\u043c\u0430 \u0438 \u0431\u0438\u0437\u043d\u0435\u0441\u0430 \u0432 \u041c\u043e\u043b\u0434\u043e\u0432\u0435\",\"description\":\"\u0412\u044b\u0431\u0435\u0440\u0438 \u0441\u0432\u043e\u0439 \u0441\u043f\u043e\u0441\u043e\u0431 \u0431\u0435\u0437\u043e\u043f\u0430\u0441\u043d\u043e\u0441\u0442\u0438!\",\"publisher\":{\"@id\":\"http:\/\/topteh.md\/#organization\"},\"potentialAction\":[{\"@type\":\"SearchAction\",\"target\":{\"@type\":\"EntryPoint\",\"urlTemplate\":\"http:\/\/topteh.md\/?s={search_term_string}\"},\"query-input\":\"required name=search_term_string\"}],\"inLanguage\":\"ru-RU\"},{\"@type\":\"ImageObject\",\"@id\":\"http:\/\/topteh.md\/ru\/product\/zamok-elektromagnitnyi-ne-180s\/#primaryimage\",\"inLanguage\":\"ru-RU\",\"url\":\"http:\/\/topteh.md\/wp-content\/uploads\/2019\/07\/NE-180S.jpg\",\"contentUrl\":\"http:\/\/topteh.md\/wp-content\/uploads\/2019\/07\/NE-180S.jpg\",\"width\":697,\"height\":697},{\"@type\":\"WebPage\",\"@id\":\"http:\/\/topteh.md\/ru\/product\/zamok-elektromagnitnyi-ne-180s\/#webpage\",\"url\":\"http:\/\/topteh.md\/ru\/product\/zamok-elektromagnitnyi-ne-180s\/\",\"name\":\"[:ru]\u0417\u0430\u043c\u043e\u043a \u044d\u043b\u0435\u043a\u0442\u0440\u043e\u043c\u0430\u0433\u043d\u0438\u0442\u043d\u044b\u0439 NE-180S[:ro]L\u0103cat\u0103 electro-magnetic\u0103 NE-180S[:] - \u041e\u0431\u043e\u0440\u0443\u0434\u043e\u0432\u0430\u043d\u0438\u0435 \u0441\u0438\u0441\u0442\u0435\u043c \u0431\u0435\u0437\u043e\u043f\u0430\u0441\u043d\u043e\u0441\u0442\u0438 \u0434\u043b\u044f \u0434\u043e\u043c\u0430 \u0438 \u0431\u0438\u0437\u043d\u0435\u0441\u0430 \u0432 \u041c\u043e\u043b\u0434\u043e\u0432\u0435\",\"isPartOf\":{\"@id\":\"http:\/\/topteh.md\/#website\"},\"primaryImageOfPage\":{\"@id\":\"http:\/\/topteh.md\/ru\/product\/zamok-elektromagnitnyi-ne-180s\/#primaryimage\"},\"datePublished\":\"2019-07-01T13:31:29+00:00\",\"dateModified\":\"2019-07-01T13:33:37+00:00\",\"breadcrumb\":{\"@id\":\"http:\/\/topteh.md\/ru\/product\/zamok-elektromagnitnyi-ne-180s\/#breadcrumb\"},\"inLanguage\":\"ru-RU\",\"potentialAction\":[{\"@type\":\"ReadAction\",\"target\":[\"http:\/\/topteh.md\/ru\/product\/zamok-elektromagnitnyi-ne-180s\/\"]}]},{\"@type\":\"BreadcrumbList\",\"@id\":\"http:\/\/topteh.md\/ru\/product\/zamok-elektromagnitnyi-ne-180s\/#breadcrumb\",\"itemListElement\":[{\"@type\":\"ListItem\",\"position\":1,\"name\":\"Prima pagin\u0103\",\"item\":\"http:\/\/topteh.md\/\"},{\"@type\":\"ListItem\",\"position\":2,\"name\":\"Shop\",\"item\":\"http:\/\/topteh.md\/shop\/\"},{\"@type\":\"ListItem\",\"position\":3,\"name\":\"\u0417\u0430\u043c\u043e\u043a \u044d\u043b\u0435\u043a\u0442\u0440\u043e\u043c\u0430\u0433\u043d\u0438\u0442\u043d\u044b\u0439 NE-180S\"}]}]}<\/script>\n<!-- \/ Yoast SEO plugin. -->","yoast_head_json":{"title":"[:ru]\u0417\u0430\u043c\u043e\u043a \u044d\u043b\u0435\u043a\u0442\u0440\u043e\u043c\u0430\u0433\u043d\u0438\u0442\u043d\u044b\u0439 NE-180S[:ro]L\u0103cat\u0103 electro-magnetic\u0103 NE-180S[:] - \u041e\u0431\u043e\u0440\u0443\u0434\u043e\u0432\u0430\u043d\u0438\u0435 \u0441\u0438\u0441\u0442\u0435\u043c \u0431\u0435\u0437\u043e\u043f\u0430\u0441\u043d\u043e\u0441\u0442\u0438 \u0434\u043b\u044f \u0434\u043e\u043c\u0430 \u0438 \u0431\u0438\u0437\u043d\u0435\u0441\u0430 \u0432 \u041c\u043e\u043b\u0434\u043e\u0432\u0435","robots":{"index":"index","follow":"follow","max-snippet":"max-snippet:-1","max-image-preview":"max-image-preview:large","max-video-preview":"max-video-preview:-1"},"canonical":"http:\/\/topteh.md\/ru\/product\/zamok-elektromagnitnyi-ne-180s\/","og_locale":"ru_RU","og_type":"article","og_title":"[:ru]\u0417\u0430\u043c\u043e\u043a \u044d\u043b\u0435\u043a\u0442\u0440\u043e\u043c\u0430\u0433\u043d\u0438\u0442\u043d\u044b\u0439 NE-180S[:ro]L\u0103cat\u0103 electro-magnetic\u0103 NE-180S[:] - \u041e\u0431\u043e\u0440\u0443\u0434\u043e\u0432\u0430\u043d\u0438\u0435 \u0441\u0438\u0441\u0442\u0435\u043c \u0431\u0435\u0437\u043e\u043f\u0430\u0441\u043d\u043e\u0441\u0442\u0438 \u0434\u043b\u044f \u0434\u043e\u043c\u0430 \u0438 \u0431\u0438\u0437\u043d\u0435\u0441\u0430 \u0432 \u041c\u043e\u043b\u0434\u043e\u0432\u0435","og_description":"[:ru]\u0417\u0430\u043c\u043e\u043a \u044d\u043b\u0435\u043a\u0442\u0440\u043e\u043c\u0430\u0433\u043d\u0438\u0442\u043d\u044b\u0439 \u00a0NE-180S  \u0421\u0435\u043d\u0441\u043e\u0440\u043d\u044b\u0439 \u0434\u0430\u0442\u0447\u0438\u043a \u0441\u043e\u0441\u0442\u043e\u044f\u043d\u0438\u044f;\u00a0\u0420\u0430\u0437\u043c\u0435\u0440\u00a0170Lx35Wx21H(mm);  \u0420\u0430\u0437\u043c\u0435\u0440 \u043e\u0442\u0432\u0435\u0442\u043d\u043e\u0439 \u043f\u043b\u0430\u043d\u043a\u0438\u00a0130Lx33Wx9.3H(mm); \u0421\u0438\u043b\u0430 \u0437\u0430\u0436\u0438\u043c\u0430\u00a0180\u043a\u0433; \u041d\u043e\u0440\u043c\u0430\u043b\u044c\u043d\u043e \u043e\u0442\u043a\u0440\u044b\u0442\u044b\u0439 ( \u043f\u043e\u0434\u0445\u043e\u0434\u044f\u0449\u0438\u0439 \u0434\u043b\u044f \u0430\u0432\u0430\u0440\u0438\u0439\u043d\u043e\u0433\u043e \u0432\u044b\u0445\u043e\u0434\u0430); \u041f\u0438\u0442\u0430\u043d\u0438\u0435\u00a0DC12V \u0438\u043b\u0438\u00a0DC24V; \u0412\u044b\u0441\u043e\u043a\u043e\u043f\u0440\u043e\u0447\u043d\u044b\u0439 \u043c\u0430\u0442\u0435\u0440\u0438\u0430\u043b, \u0430\u043b\u044e\u043c\u0438\u043d\u0438\u0435\u0432\u044b\u0439 \u043a\u043e\u0440\u043f\u0443\u0441.[:ro]Electromagnetic lock \u00a0NE-180S  With Lock Status sensor(NO\/NC\/COM); \u00a0Lock Size: 170Lx35Wx21H(mm);\u00a0Armature plate: 130Lx33Wx9.3H(mm);\u00a0Holding Force: 180kg(350Lbs);\u00a0Fail-safe (power to lock) electric lock suitable for fire exit;\u00a0Voltage:DC12V or DC24V;\u00a0Aluminum Housing[:]","og_url":"http:\/\/topteh.md\/ru\/product\/zamok-elektromagnitnyi-ne-180s\/","og_site_name":"\u041e\u0431\u043e\u0440\u0443\u0434\u043e\u0432\u0430\u043d\u0438\u0435 \u0441\u0438\u0441\u0442\u0435\u043c \u0431\u0435\u0437\u043e\u043f\u0430\u0441\u043d\u043e\u0441\u0442\u0438 \u0434\u043b\u044f \u0434\u043e\u043c\u0430 \u0438 \u0431\u0438\u0437\u043d\u0435\u0441\u0430 \u0432 \u041c\u043e\u043b\u0434\u043e\u0432\u0435","article_modified_time":"2019-07-01T13:33:37+00:00","og_image":[{"width":697,"height":697,"url":"http:\/\/topteh.md\/wp-content\/uploads\/2019\/07\/NE-180S.jpg","type":"image\/jpeg"}],"twitter_card":"summary_large_image","twitter_misc":{"\u041f\u0440\u0438\u043c\u0435\u0440\u043d\u043e\u0435 \u0432\u0440\u0435\u043c\u044f \u0434\u043b\u044f \u0447\u0442\u0435\u043d\u0438\u044f":"1 \u043c\u0438\u043d\u0443\u0442\u0430"},"schema":{"@context":"https:\/\/schema.org","@graph":[{"@type":"Organization","@id":"http:\/\/topteh.md\/#organization","name":"Toptehimpex SRL","url":"http:\/\/topteh.md\/","sameAs":[],"logo":{"@type":"ImageObject","@id":"http:\/\/topteh.md\/#logo","inLanguage":"ru-RU","url":"http:\/\/topteh.md\/wp-content\/uploads\/2019\/02\/topteh-new-logo.jpg","contentUrl":"http:\/\/topteh.md\/wp-content\/uploads\/2019\/02\/topteh-new-logo.jpg","width":400,"height":225,"caption":"Toptehimpex SRL"},"image":{"@id":"http:\/\/topteh.md\/#logo"}},{"@type":"WebSite","@id":"http:\/\/topteh.md\/#website","url":"http:\/\/topteh.md\/","name":"\u041e\u0431\u043e\u0440\u0443\u0434\u043e\u0432\u0430\u043d\u0438\u0435 \u0441\u0438\u0441\u0442\u0435\u043c \u0431\u0435\u0437\u043e\u043f\u0430\u0441\u043d\u043e\u0441\u0442\u0438 \u0434\u043b\u044f \u0434\u043e\u043c\u0430 \u0438 \u0431\u0438\u0437\u043d\u0435\u0441\u0430 \u0432 \u041c\u043e\u043b\u0434\u043e\u0432\u0435","description":"\u0412\u044b\u0431\u0435\u0440\u0438 \u0441\u0432\u043e\u0439 \u0441\u043f\u043e\u0441\u043e\u0431 \u0431\u0435\u0437\u043e\u043f\u0430\u0441\u043d\u043e\u0441\u0442\u0438!","publisher":{"@id":"http:\/\/topteh.md\/#organization"},"potentialAction":[{"@type":"SearchAction","target":{"@type":"EntryPoint","urlTemplate":"http:\/\/topteh.md\/?s={search_term_string}"},"query-input":"required name=search_term_string"}],"inLanguage":"ru-RU"},{"@type":"ImageObject","@id":"http:\/\/topteh.md\/ru\/product\/zamok-elektromagnitnyi-ne-180s\/#primaryimage","inLanguage":"ru-RU","url":"http:\/\/topteh.md\/wp-content\/uploads\/2019\/07\/NE-180S.jpg","contentUrl":"http:\/\/topteh.md\/wp-content\/uploads\/2019\/07\/NE-180S.jpg","width":697,"height":697},{"@type":"WebPage","@id":"http:\/\/topteh.md\/ru\/product\/zamok-elektromagnitnyi-ne-180s\/#webpage","url":"http:\/\/topteh.md\/ru\/product\/zamok-elektromagnitnyi-ne-180s\/","name":"[:ru]\u0417\u0430\u043c\u043e\u043a \u044d\u043b\u0435\u043a\u0442\u0440\u043e\u043c\u0430\u0433\u043d\u0438\u0442\u043d\u044b\u0439 NE-180S[:ro]L\u0103cat\u0103 electro-magnetic\u0103 NE-180S[:] - \u041e\u0431\u043e\u0440\u0443\u0434\u043e\u0432\u0430\u043d\u0438\u0435 \u0441\u0438\u0441\u0442\u0435\u043c \u0431\u0435\u0437\u043e\u043f\u0430\u0441\u043d\u043e\u0441\u0442\u0438 \u0434\u043b\u044f \u0434\u043e\u043c\u0430 \u0438 \u0431\u0438\u0437\u043d\u0435\u0441\u0430 \u0432 \u041c\u043e\u043b\u0434\u043e\u0432\u0435","isPartOf":{"@id":"http:\/\/topteh.md\/#website"},"primaryImageOfPage":{"@id":"http:\/\/topteh.md\/ru\/product\/zamok-elektromagnitnyi-ne-180s\/#primaryimage"},"datePublished":"2019-07-01T13:31:29+00:00","dateModified":"2019-07-01T13:33:37+00:00","breadcrumb":{"@id":"http:\/\/topteh.md\/ru\/product\/zamok-elektromagnitnyi-ne-180s\/#breadcrumb"},"inLanguage":"ru-RU","potentialAction":[{"@type":"ReadAction","target":["http:\/\/topteh.md\/ru\/product\/zamok-elektromagnitnyi-ne-180s\/"]}]},{"@type":"BreadcrumbList","@id":"http:\/\/topteh.md\/ru\/product\/zamok-elektromagnitnyi-ne-180s\/#breadcrumb","itemListElement":[{"@type":"ListItem","position":1,"name":"Prima pagin\u0103","item":"http:\/\/topteh.md\/"},{"@type":"ListItem","position":2,"name":"Shop","item":"http:\/\/topteh.md\/shop\/"},{"@type":"ListItem","position":3,"name":"\u0417\u0430\u043c\u043e\u043a \u044d\u043b\u0435\u043a\u0442\u0440\u043e\u043c\u0430\u0433\u043d\u0438\u0442\u043d\u044b\u0439 NE-180S"}]}]}},"jetpack_publicize_connections":[],"jetpack_sharing_enabled":true,"_links":{"self":[{"href":"http:\/\/topteh.md\/ru\/wp-json\/wp\/v2\/product\/2841"}],"collection":[{"href":"http:\/\/topteh.md\/ru\/wp-json\/wp\/v2\/product"}],"about":[{"href":"http:\/\/topteh.md\/ru\/wp-json\/wp\/v2\/types\/product"}],"replies":[{"embeddable":true,"href":"http:\/\/topteh.md\/ru\/wp-json\/wp\/v2\/comments?post=2841"}],"wp:featuredmedia":[{"embeddable":true,"href":"http:\/\/topteh.md\/ru\/wp-json\/wp\/v2\/media\/2842"}],"wp:attachment":[{"href":"http:\/\/topteh.md\/ru\/wp-json\/wp\/v2\/media?parent=2841"}],"wp:term":[{"taxonomy":"product_cat","embeddable":true,"href":"http:\/\/topteh.md\/ru\/wp-json\/wp\/v2\/product_cat?post=2841"},{"taxonomy":"product_tag","embeddable":true,"href":"http:\/\/topteh.md\/ru\/wp-json\/wp\/v2\/product_tag?post=2841"}],"curies":[{"name":"wp","href":"https:\/\/api.w.org\/{rel}","templated":true}]}}