{"id":2843,"date":"2019-07-01T16:34:09","date_gmt":"2019-07-01T13:34:09","guid":{"rendered":"http:\/\/litexplus.md\/?post_type=product&#038;p=2843"},"modified":"2019-07-01T16:35:36","modified_gmt":"2019-07-01T13:35:36","slug":"zamok-elektromagnitnyi-ne-260s-led","status":"publish","type":"product","link":"http:\/\/topteh.md\/ru\/product\/zamok-elektromagnitnyi-ne-260s-led\/","title":{"rendered":"\u0417\u0430\u043c\u043e\u043a \u044d\u043b\u0435\u043a\u0442\u0440\u043e\u043c\u0430\u0433\u043d\u0438\u0442\u043d\u044b\u0439 NE-260S (LED)"},"content":{"rendered":"<div id=\"pl-2843\"  class=\"panel-layout\" ><div id=\"pg-2843-0\"  class=\"panel-grid panel-no-style\" ><div id=\"pgc-2843-0-0\"  class=\"panel-grid-cell\" ><div id=\"panel-2843-0-0-0\" class=\"so-panel widget widget_text panel-first-child panel-last-child\" data-index=\"0\" >\t\t\t<div class=\"textwidget\"><ul>\n<li>\u0421\u0432\u0435\u0442\u043e\u0432\u043e\u0439 LED \u0438\u043d\u0434\u0438\u043a\u0430\u0442\u043e\u0440 \u0438 \u0434\u0435\u0442\u0435\u043a\u0442\u043e\u0440 \u043f\u043e\u043b\u043e\u0436\u0435\u043d\u0438\u044f \u0434\u0432\u0435\u0440\u0438<\/li>\n<li>\u0420\u0430\u0437\u043c\u0435\u0440\u00a0250L*48W*25H(mm)<\/li>\n<li>\u0420\u0430\u0437\u043c\u0435\u0440 \u043e\u0442\u0432\u0435\u0442\u043d\u043e\u0439 \u043f\u043b\u0430\u043d\u043a\u0438\u00a0180L*38W*11H(mm)<\/li>\n<li>\u0421\u0438\u043b\u0430 \u0443\u0434\u0435\u0440\u0436\u0430\u043d\u0438\u044f 250\u043a\u0433<\/li>\n<li>\u041f\u043e\u0442\u0440\u0435\u0431\u043b\u044f\u0435\u043c\u044b\u0439 \u0442\u043e\u043a\u00a012V\/500mA 24V\/250mA<\/li>\n<li>\u041d\u0435\u0442 \u043e\u0441\u0442\u0430\u0442\u043e\u0447\u043d\u043e\u0433\u043e \u043c\u0430\u0433\u043d\u0435\u0442\u0438\u0437\u043c\u0430<\/li>\n<li>90 \u0433\u0440\u0430\u0434\u0443\u0441\u043e\u0432 \u0440\u0430\u0441\u043a\u0440\u044b\u0442\u0438\u044f \u0434\u043b\u044f \u0432\u0441\u0435\u0445 \u0432\u0438\u0434\u043e\u0432 \u0434\u0432\u0435\u0440\u0435\u0439 \u0441 \u0440\u0430\u043c\u043a\u043e\u0439<\/li>\n<\/ul>\n<\/div>\n\t\t<\/div><\/div><\/div><\/div>","protected":false},"excerpt":{"rendered":"<p><strong>\u0417\u0430\u043c\u043e\u043a \u044d\u043b\u0435\u043a\u0442\u0440\u043e\u043c\u0430\u0433\u043d\u0438\u0442\u043d\u044b\u0439 NE-260S (LED)<\/strong><\/p>\n<p>\u0421\u0432\u0435\u0442\u043e\u0432\u043e\u0439 LED \u0438\u043d\u0434\u0438\u043a\u0430\u0442\u043e\u0440 \u0438 \u0434\u0435\u0442\u0435\u043a\u0442\u043e\u0440 \u043f\u043e\u043b\u043e\u0436\u0435\u043d\u0438\u044f \u0434\u0432\u0435\u0440\u0438; \u0420\u0430\u0437\u043c\u0435\u0440\u00a0250L*48W*25H(mm);\u00a0\u0420\u0430\u0437\u043c\u0435\u0440 \u043e\u0442\u0432\u0435\u0442\u043d\u043e\u0439 \u043f\u043b\u0430\u043d\u043a\u0438\u00a0180L*38W*11H(mm);<\/p>\n<p>\u041f\u0438\u0442\u0430\u043d\u0438\u0435\u00a0DC12V or DC24V<\/p>\n","protected":false},"featured_media":2842,"comment_status":"open","ping_status":"closed","template":"","meta":{"spay_email":""},"product_cat":[242,272],"product_tag":[],"yoast_head":"<!-- This site is optimized with the Yoast SEO plugin v18.3 - https:\/\/yoast.com\/wordpress\/plugins\/seo\/ -->\n<title>\u0417\u0430\u043c\u043e\u043a \u044d\u043b\u0435\u043a\u0442\u0440\u043e\u043c\u0430\u0433\u043d\u0438\u0442\u043d\u044b\u0439 NE-260S (LED) - \u041e\u0431\u043e\u0440\u0443\u0434\u043e\u0432\u0430\u043d\u0438\u0435 \u0441\u0438\u0441\u0442\u0435\u043c \u0431\u0435\u0437\u043e\u043f\u0430\u0441\u043d\u043e\u0441\u0442\u0438 \u0434\u043b\u044f \u0434\u043e\u043c\u0430 \u0438 \u0431\u0438\u0437\u043d\u0435\u0441\u0430 \u0432 \u041c\u043e\u043b\u0434\u043e\u0432\u0435<\/title>\n<meta name=\"robots\" content=\"index, follow, max-snippet:-1, max-image-preview:large, max-video-preview:-1\" \/>\n<link rel=\"canonical\" href=\"http:\/\/topteh.md\/ru\/product\/zamok-elektromagnitnyi-ne-260s-led\/\" \/>\n<meta property=\"og:locale\" content=\"ru_RU\" \/>\n<meta property=\"og:type\" content=\"article\" \/>\n<meta property=\"og:title\" content=\"[:ru]\u0417\u0430\u043c\u043e\u043a \u044d\u043b\u0435\u043a\u0442\u0440\u043e\u043c\u0430\u0433\u043d\u0438\u0442\u043d\u044b\u0439 NE-260S (LED)[:ro]L\u0103cat\u0103 electro-magnetic\u0103 NE-260S (LED)[:] - \u041e\u0431\u043e\u0440\u0443\u0434\u043e\u0432\u0430\u043d\u0438\u0435 \u0441\u0438\u0441\u0442\u0435\u043c \u0431\u0435\u0437\u043e\u043f\u0430\u0441\u043d\u043e\u0441\u0442\u0438 \u0434\u043b\u044f \u0434\u043e\u043c\u0430 \u0438 \u0431\u0438\u0437\u043d\u0435\u0441\u0430 \u0432 \u041c\u043e\u043b\u0434\u043e\u0432\u0435\" \/>\n<meta property=\"og:description\" content=\"[:ru]\u0417\u0430\u043c\u043e\u043a \u044d\u043b\u0435\u043a\u0442\u0440\u043e\u043c\u0430\u0433\u043d\u0438\u0442\u043d\u044b\u0439 NE-260S (LED)  \u0421\u0432\u0435\u0442\u043e\u0432\u043e\u0439 LED \u0438\u043d\u0434\u0438\u043a\u0430\u0442\u043e\u0440 \u0438 \u0434\u0435\u0442\u0435\u043a\u0442\u043e\u0440 \u043f\u043e\u043b\u043e\u0436\u0435\u043d\u0438\u044f \u0434\u0432\u0435\u0440\u0438; \u0420\u0430\u0437\u043c\u0435\u0440\u00a0250L*48W*25H(mm);\u00a0\u0420\u0430\u0437\u043c\u0435\u0440 \u043e\u0442\u0432\u0435\u0442\u043d\u043e\u0439 \u043f\u043b\u0430\u043d\u043a\u0438\u00a0180L*38W*11H(mm);  \u041f\u0438\u0442\u0430\u043d\u0438\u0435\u00a0DC12V or DC24V[:ro]Electromagnetic Lock NE-260S (LED)  With indicator LED\u00a0lights and door position detection output ;\u00a0Voltage:DC12V or DC24V;\u00a0Holding Force: 250kg;\u00a0Lock Size:250L*48W*25H(mm); Armature\u00a0Plate:180L*38W*11H(mm);[:]\" \/>\n<meta property=\"og:url\" content=\"http:\/\/topteh.md\/ru\/product\/zamok-elektromagnitnyi-ne-260s-led\/\" \/>\n<meta property=\"og:site_name\" content=\"\u041e\u0431\u043e\u0440\u0443\u0434\u043e\u0432\u0430\u043d\u0438\u0435 \u0441\u0438\u0441\u0442\u0435\u043c \u0431\u0435\u0437\u043e\u043f\u0430\u0441\u043d\u043e\u0441\u0442\u0438 \u0434\u043b\u044f \u0434\u043e\u043c\u0430 \u0438 \u0431\u0438\u0437\u043d\u0435\u0441\u0430 \u0432 \u041c\u043e\u043b\u0434\u043e\u0432\u0435\" \/>\n<meta property=\"article:modified_time\" content=\"2019-07-01T13:35:36+00:00\" \/>\n<meta property=\"og:image\" content=\"http:\/\/topteh.md\/wp-content\/uploads\/2019\/07\/NE-180S.jpg\" \/>\n\t<meta property=\"og:image:width\" content=\"697\" \/>\n\t<meta property=\"og:image:height\" content=\"697\" \/>\n\t<meta property=\"og:image:type\" content=\"image\/jpeg\" \/>\n<meta name=\"twitter:card\" content=\"summary_large_image\" \/>\n<script type=\"application\/ld+json\" class=\"yoast-schema-graph\">{\"@context\":\"https:\/\/schema.org\",\"@graph\":[{\"@type\":\"Organization\",\"@id\":\"http:\/\/topteh.md\/#organization\",\"name\":\"Toptehimpex SRL\",\"url\":\"http:\/\/topteh.md\/\",\"sameAs\":[],\"logo\":{\"@type\":\"ImageObject\",\"@id\":\"http:\/\/topteh.md\/#logo\",\"inLanguage\":\"ru-RU\",\"url\":\"http:\/\/topteh.md\/wp-content\/uploads\/2019\/02\/topteh-new-logo.jpg\",\"contentUrl\":\"http:\/\/topteh.md\/wp-content\/uploads\/2019\/02\/topteh-new-logo.jpg\",\"width\":400,\"height\":225,\"caption\":\"Toptehimpex SRL\"},\"image\":{\"@id\":\"http:\/\/topteh.md\/#logo\"}},{\"@type\":\"WebSite\",\"@id\":\"http:\/\/topteh.md\/#website\",\"url\":\"http:\/\/topteh.md\/\",\"name\":\"\u041e\u0431\u043e\u0440\u0443\u0434\u043e\u0432\u0430\u043d\u0438\u0435 \u0441\u0438\u0441\u0442\u0435\u043c \u0431\u0435\u0437\u043e\u043f\u0430\u0441\u043d\u043e\u0441\u0442\u0438 \u0434\u043b\u044f \u0434\u043e\u043c\u0430 \u0438 \u0431\u0438\u0437\u043d\u0435\u0441\u0430 \u0432 \u041c\u043e\u043b\u0434\u043e\u0432\u0435\",\"description\":\"\u0412\u044b\u0431\u0435\u0440\u0438 \u0441\u0432\u043e\u0439 \u0441\u043f\u043e\u0441\u043e\u0431 \u0431\u0435\u0437\u043e\u043f\u0430\u0441\u043d\u043e\u0441\u0442\u0438!\",\"publisher\":{\"@id\":\"http:\/\/topteh.md\/#organization\"},\"potentialAction\":[{\"@type\":\"SearchAction\",\"target\":{\"@type\":\"EntryPoint\",\"urlTemplate\":\"http:\/\/topteh.md\/?s={search_term_string}\"},\"query-input\":\"required name=search_term_string\"}],\"inLanguage\":\"ru-RU\"},{\"@type\":\"ImageObject\",\"@id\":\"http:\/\/topteh.md\/ru\/product\/zamok-elektromagnitnyi-ne-260s-led\/#primaryimage\",\"inLanguage\":\"ru-RU\",\"url\":\"http:\/\/topteh.md\/wp-content\/uploads\/2019\/07\/NE-180S.jpg\",\"contentUrl\":\"http:\/\/topteh.md\/wp-content\/uploads\/2019\/07\/NE-180S.jpg\",\"width\":697,\"height\":697},{\"@type\":\"WebPage\",\"@id\":\"http:\/\/topteh.md\/ru\/product\/zamok-elektromagnitnyi-ne-260s-led\/#webpage\",\"url\":\"http:\/\/topteh.md\/ru\/product\/zamok-elektromagnitnyi-ne-260s-led\/\",\"name\":\"[:ru]\u0417\u0430\u043c\u043e\u043a \u044d\u043b\u0435\u043a\u0442\u0440\u043e\u043c\u0430\u0433\u043d\u0438\u0442\u043d\u044b\u0439 NE-260S (LED)[:ro]L\u0103cat\u0103 electro-magnetic\u0103 NE-260S (LED)[:] - \u041e\u0431\u043e\u0440\u0443\u0434\u043e\u0432\u0430\u043d\u0438\u0435 \u0441\u0438\u0441\u0442\u0435\u043c \u0431\u0435\u0437\u043e\u043f\u0430\u0441\u043d\u043e\u0441\u0442\u0438 \u0434\u043b\u044f \u0434\u043e\u043c\u0430 \u0438 \u0431\u0438\u0437\u043d\u0435\u0441\u0430 \u0432 \u041c\u043e\u043b\u0434\u043e\u0432\u0435\",\"isPartOf\":{\"@id\":\"http:\/\/topteh.md\/#website\"},\"primaryImageOfPage\":{\"@id\":\"http:\/\/topteh.md\/ru\/product\/zamok-elektromagnitnyi-ne-260s-led\/#primaryimage\"},\"datePublished\":\"2019-07-01T13:34:09+00:00\",\"dateModified\":\"2019-07-01T13:35:36+00:00\",\"breadcrumb\":{\"@id\":\"http:\/\/topteh.md\/ru\/product\/zamok-elektromagnitnyi-ne-260s-led\/#breadcrumb\"},\"inLanguage\":\"ru-RU\",\"potentialAction\":[{\"@type\":\"ReadAction\",\"target\":[\"http:\/\/topteh.md\/ru\/product\/zamok-elektromagnitnyi-ne-260s-led\/\"]}]},{\"@type\":\"BreadcrumbList\",\"@id\":\"http:\/\/topteh.md\/ru\/product\/zamok-elektromagnitnyi-ne-260s-led\/#breadcrumb\",\"itemListElement\":[{\"@type\":\"ListItem\",\"position\":1,\"name\":\"Prima pagin\u0103\",\"item\":\"http:\/\/topteh.md\/\"},{\"@type\":\"ListItem\",\"position\":2,\"name\":\"Shop\",\"item\":\"http:\/\/topteh.md\/shop\/\"},{\"@type\":\"ListItem\",\"position\":3,\"name\":\"\u0417\u0430\u043c\u043e\u043a \u044d\u043b\u0435\u043a\u0442\u0440\u043e\u043c\u0430\u0433\u043d\u0438\u0442\u043d\u044b\u0439 NE-260S (LED)\"}]}]}<\/script>\n<!-- \/ Yoast SEO plugin. -->","yoast_head_json":{"title":"[:ru]\u0417\u0430\u043c\u043e\u043a \u044d\u043b\u0435\u043a\u0442\u0440\u043e\u043c\u0430\u0433\u043d\u0438\u0442\u043d\u044b\u0439 NE-260S (LED)[:ro]L\u0103cat\u0103 electro-magnetic\u0103 NE-260S (LED)[:] - \u041e\u0431\u043e\u0440\u0443\u0434\u043e\u0432\u0430\u043d\u0438\u0435 \u0441\u0438\u0441\u0442\u0435\u043c \u0431\u0435\u0437\u043e\u043f\u0430\u0441\u043d\u043e\u0441\u0442\u0438 \u0434\u043b\u044f \u0434\u043e\u043c\u0430 \u0438 \u0431\u0438\u0437\u043d\u0435\u0441\u0430 \u0432 \u041c\u043e\u043b\u0434\u043e\u0432\u0435","robots":{"index":"index","follow":"follow","max-snippet":"max-snippet:-1","max-image-preview":"max-image-preview:large","max-video-preview":"max-video-preview:-1"},"canonical":"http:\/\/topteh.md\/ru\/product\/zamok-elektromagnitnyi-ne-260s-led\/","og_locale":"ru_RU","og_type":"article","og_title":"[:ru]\u0417\u0430\u043c\u043e\u043a \u044d\u043b\u0435\u043a\u0442\u0440\u043e\u043c\u0430\u0433\u043d\u0438\u0442\u043d\u044b\u0439 NE-260S (LED)[:ro]L\u0103cat\u0103 electro-magnetic\u0103 NE-260S (LED)[:] - \u041e\u0431\u043e\u0440\u0443\u0434\u043e\u0432\u0430\u043d\u0438\u0435 \u0441\u0438\u0441\u0442\u0435\u043c \u0431\u0435\u0437\u043e\u043f\u0430\u0441\u043d\u043e\u0441\u0442\u0438 \u0434\u043b\u044f \u0434\u043e\u043c\u0430 \u0438 \u0431\u0438\u0437\u043d\u0435\u0441\u0430 \u0432 \u041c\u043e\u043b\u0434\u043e\u0432\u0435","og_description":"[:ru]\u0417\u0430\u043c\u043e\u043a \u044d\u043b\u0435\u043a\u0442\u0440\u043e\u043c\u0430\u0433\u043d\u0438\u0442\u043d\u044b\u0439 NE-260S (LED)  \u0421\u0432\u0435\u0442\u043e\u0432\u043e\u0439 LED \u0438\u043d\u0434\u0438\u043a\u0430\u0442\u043e\u0440 \u0438 \u0434\u0435\u0442\u0435\u043a\u0442\u043e\u0440 \u043f\u043e\u043b\u043e\u0436\u0435\u043d\u0438\u044f \u0434\u0432\u0435\u0440\u0438; \u0420\u0430\u0437\u043c\u0435\u0440\u00a0250L*48W*25H(mm);\u00a0\u0420\u0430\u0437\u043c\u0435\u0440 \u043e\u0442\u0432\u0435\u0442\u043d\u043e\u0439 \u043f\u043b\u0430\u043d\u043a\u0438\u00a0180L*38W*11H(mm);  \u041f\u0438\u0442\u0430\u043d\u0438\u0435\u00a0DC12V or DC24V[:ro]Electromagnetic Lock NE-260S (LED)  With indicator LED\u00a0lights and door position detection output ;\u00a0Voltage:DC12V or DC24V;\u00a0Holding Force: 250kg;\u00a0Lock Size:250L*48W*25H(mm); Armature\u00a0Plate:180L*38W*11H(mm);[:]","og_url":"http:\/\/topteh.md\/ru\/product\/zamok-elektromagnitnyi-ne-260s-led\/","og_site_name":"\u041e\u0431\u043e\u0440\u0443\u0434\u043e\u0432\u0430\u043d\u0438\u0435 \u0441\u0438\u0441\u0442\u0435\u043c \u0431\u0435\u0437\u043e\u043f\u0430\u0441\u043d\u043e\u0441\u0442\u0438 \u0434\u043b\u044f \u0434\u043e\u043c\u0430 \u0438 \u0431\u0438\u0437\u043d\u0435\u0441\u0430 \u0432 \u041c\u043e\u043b\u0434\u043e\u0432\u0435","article_modified_time":"2019-07-01T13:35:36+00:00","og_image":[{"width":697,"height":697,"url":"http:\/\/topteh.md\/wp-content\/uploads\/2019\/07\/NE-180S.jpg","type":"image\/jpeg"}],"twitter_card":"summary_large_image","schema":{"@context":"https:\/\/schema.org","@graph":[{"@type":"Organization","@id":"http:\/\/topteh.md\/#organization","name":"Toptehimpex SRL","url":"http:\/\/topteh.md\/","sameAs":[],"logo":{"@type":"ImageObject","@id":"http:\/\/topteh.md\/#logo","inLanguage":"ru-RU","url":"http:\/\/topteh.md\/wp-content\/uploads\/2019\/02\/topteh-new-logo.jpg","contentUrl":"http:\/\/topteh.md\/wp-content\/uploads\/2019\/02\/topteh-new-logo.jpg","width":400,"height":225,"caption":"Toptehimpex SRL"},"image":{"@id":"http:\/\/topteh.md\/#logo"}},{"@type":"WebSite","@id":"http:\/\/topteh.md\/#website","url":"http:\/\/topteh.md\/","name":"\u041e\u0431\u043e\u0440\u0443\u0434\u043e\u0432\u0430\u043d\u0438\u0435 \u0441\u0438\u0441\u0442\u0435\u043c \u0431\u0435\u0437\u043e\u043f\u0430\u0441\u043d\u043e\u0441\u0442\u0438 \u0434\u043b\u044f \u0434\u043e\u043c\u0430 \u0438 \u0431\u0438\u0437\u043d\u0435\u0441\u0430 \u0432 \u041c\u043e\u043b\u0434\u043e\u0432\u0435","description":"\u0412\u044b\u0431\u0435\u0440\u0438 \u0441\u0432\u043e\u0439 \u0441\u043f\u043e\u0441\u043e\u0431 \u0431\u0435\u0437\u043e\u043f\u0430\u0441\u043d\u043e\u0441\u0442\u0438!","publisher":{"@id":"http:\/\/topteh.md\/#organization"},"potentialAction":[{"@type":"SearchAction","target":{"@type":"EntryPoint","urlTemplate":"http:\/\/topteh.md\/?s={search_term_string}"},"query-input":"required name=search_term_string"}],"inLanguage":"ru-RU"},{"@type":"ImageObject","@id":"http:\/\/topteh.md\/ru\/product\/zamok-elektromagnitnyi-ne-260s-led\/#primaryimage","inLanguage":"ru-RU","url":"http:\/\/topteh.md\/wp-content\/uploads\/2019\/07\/NE-180S.jpg","contentUrl":"http:\/\/topteh.md\/wp-content\/uploads\/2019\/07\/NE-180S.jpg","width":697,"height":697},{"@type":"WebPage","@id":"http:\/\/topteh.md\/ru\/product\/zamok-elektromagnitnyi-ne-260s-led\/#webpage","url":"http:\/\/topteh.md\/ru\/product\/zamok-elektromagnitnyi-ne-260s-led\/","name":"[:ru]\u0417\u0430\u043c\u043e\u043a \u044d\u043b\u0435\u043a\u0442\u0440\u043e\u043c\u0430\u0433\u043d\u0438\u0442\u043d\u044b\u0439 NE-260S (LED)[:ro]L\u0103cat\u0103 electro-magnetic\u0103 NE-260S (LED)[:] - \u041e\u0431\u043e\u0440\u0443\u0434\u043e\u0432\u0430\u043d\u0438\u0435 \u0441\u0438\u0441\u0442\u0435\u043c \u0431\u0435\u0437\u043e\u043f\u0430\u0441\u043d\u043e\u0441\u0442\u0438 \u0434\u043b\u044f \u0434\u043e\u043c\u0430 \u0438 \u0431\u0438\u0437\u043d\u0435\u0441\u0430 \u0432 \u041c\u043e\u043b\u0434\u043e\u0432\u0435","isPartOf":{"@id":"http:\/\/topteh.md\/#website"},"primaryImageOfPage":{"@id":"http:\/\/topteh.md\/ru\/product\/zamok-elektromagnitnyi-ne-260s-led\/#primaryimage"},"datePublished":"2019-07-01T13:34:09+00:00","dateModified":"2019-07-01T13:35:36+00:00","breadcrumb":{"@id":"http:\/\/topteh.md\/ru\/product\/zamok-elektromagnitnyi-ne-260s-led\/#breadcrumb"},"inLanguage":"ru-RU","potentialAction":[{"@type":"ReadAction","target":["http:\/\/topteh.md\/ru\/product\/zamok-elektromagnitnyi-ne-260s-led\/"]}]},{"@type":"BreadcrumbList","@id":"http:\/\/topteh.md\/ru\/product\/zamok-elektromagnitnyi-ne-260s-led\/#breadcrumb","itemListElement":[{"@type":"ListItem","position":1,"name":"Prima pagin\u0103","item":"http:\/\/topteh.md\/"},{"@type":"ListItem","position":2,"name":"Shop","item":"http:\/\/topteh.md\/shop\/"},{"@type":"ListItem","position":3,"name":"\u0417\u0430\u043c\u043e\u043a \u044d\u043b\u0435\u043a\u0442\u0440\u043e\u043c\u0430\u0433\u043d\u0438\u0442\u043d\u044b\u0439 NE-260S (LED)"}]}]}},"jetpack_publicize_connections":[],"jetpack_sharing_enabled":true,"_links":{"self":[{"href":"http:\/\/topteh.md\/ru\/wp-json\/wp\/v2\/product\/2843"}],"collection":[{"href":"http:\/\/topteh.md\/ru\/wp-json\/wp\/v2\/product"}],"about":[{"href":"http:\/\/topteh.md\/ru\/wp-json\/wp\/v2\/types\/product"}],"replies":[{"embeddable":true,"href":"http:\/\/topteh.md\/ru\/wp-json\/wp\/v2\/comments?post=2843"}],"wp:featuredmedia":[{"embeddable":true,"href":"http:\/\/topteh.md\/ru\/wp-json\/wp\/v2\/media\/2842"}],"wp:attachment":[{"href":"http:\/\/topteh.md\/ru\/wp-json\/wp\/v2\/media?parent=2843"}],"wp:term":[{"taxonomy":"product_cat","embeddable":true,"href":"http:\/\/topteh.md\/ru\/wp-json\/wp\/v2\/product_cat?post=2843"},{"taxonomy":"product_tag","embeddable":true,"href":"http:\/\/topteh.md\/ru\/wp-json\/wp\/v2\/product_tag?post=2843"}],"curies":[{"name":"wp","href":"https:\/\/api.w.org\/{rel}","templated":true}]}}